{"id":5486,"date":"2025-05-13T10:59:22","date_gmt":"2025-05-13T09:59:22","guid":{"rendered":"https:\/\/migongo.net\/?post_type=product&#038;p=5486"},"modified":"2025-06-13T11:59:57","modified_gmt":"2025-06-13T10:59:57","slug":"camiseta-tirantes-gris-algodon","status":"publish","type":"product","link":"https:\/\/migongo.net\/en\/product\/camiseta-tirantes-gris-algodon\/","title":{"rendered":"Camiseta tirantes gris algod\u00f3n"},"content":{"rendered":"<p>Camiseta tirantes gris, en tejido 100% de algod\u00f3n el\u00e1stico, con decoraci\u00f3n bajo de ondulina azul.<\/p>\n<p>Talla XS\/S, S\/M, M\/L\u00a0 y L\/XL<\/p>","protected":false},"excerpt":{"rendered":"<p>Camiseta tirantes gris, en tejido 100% de algod\u00f3n el\u00e1stico, con decoraci\u00f3n bajo de ondulina azul. Talla XS\/S, S\/M, M\/L\u00a0 y L\/XL<\/p>","protected":false},"featured_media":5228,"comment_status":"open","ping_status":"closed","template":"","meta":{"site-sidebar-layout":"default","site-content-layout":"","ast-site-content-layout":"default","site-content-style":"default","site-sidebar-style":"default","ast-global-header-display":"","ast-banner-title-visibility":"","ast-main-header-display":"","ast-hfb-above-header-display":"","ast-hfb-below-header-display":"","ast-hfb-mobile-header-display":"","site-post-title":"","ast-breadcrumbs-content":"","ast-featured-img":"","footer-sml-layout":"","theme-transparent-header-meta":"default","adv-header-id-meta":"","stick-header-meta":"","header-above-stick-meta":"","header-main-stick-meta":"","header-below-stick-meta":"","astra-migrate-meta-layouts":"set","ast-page-background-enabled":"default","ast-page-background-meta":{"desktop":{"background-color":"","background-image":"","background-repeat":"repeat","background-position":"center center","background-size":"auto","background-attachment":"scroll","background-type":"","background-media":"","overlay-type":"","overlay-color":"","overlay-opacity":"","overlay-gradient":""},"tablet":{"background-color":"","background-image":"","background-repeat":"repeat","background-position":"center center","background-size":"auto","background-attachment":"scroll","background-type":"","background-media":"","overlay-type":"","overlay-color":"","overlay-opacity":"","overlay-gradient":""},"mobile":{"background-color":"","background-image":"","background-repeat":"repeat","background-position":"center center","background-size":"auto","background-attachment":"scroll","background-type":"","background-media":"","overlay-type":"","overlay-color":"","overlay-opacity":"","overlay-gradient":""}},"ast-content-background-meta":{"desktop":{"background-color":"var(--ast-global-color-5)","background-image":"","background-repeat":"repeat","background-position":"center center","background-size":"auto","background-attachment":"scroll","background-type":"","background-media":"","overlay-type":"","overlay-color":"","overlay-opacity":"","overlay-gradient":""},"tablet":{"background-color":"var(--ast-global-color-5)","background-image":"","background-repeat":"repeat","background-position":"center center","background-size":"auto","background-attachment":"scroll","background-type":"","background-media":"","overlay-type":"","overlay-color":"","overlay-opacity":"","overlay-gradient":""},"mobile":{"background-color":"var(--ast-global-color-5)","background-image":"","background-repeat":"repeat","background-position":"center center","background-size":"auto","background-attachment":"scroll","background-type":"","background-media":"","overlay-type":"","overlay-color":"","overlay-opacity":"","overlay-gradient":""}}},"product_brand":[],"product_cat":[49,165],"product_tag":[94,97,223,114,208,173,115,92,89,87,84,109,104,105,103,96,85,95,100,83,88,86,90,91,127,102,116,126,125],"class_list":{"0":"post-5486","1":"product","2":"type-product","3":"status-publish","4":"has-post-thumbnail","6":"product_cat-mujer","7":"product_cat-primavera-verano-2025","8":"product_tag-accesorios-de-moda-sostenible","9":"product_tag-algodon-y-viscosa","10":"product_tag-camiseta-algodon","11":"product_tag-camiseta-artesanal","12":"product_tag-camiseta-de-diseno","13":"product_tag-camiseta-escote-espalda","14":"product_tag-camiseta-etica","15":"product_tag-comprar-ropa-sostenible-online","16":"product_tag-marca-de-ropa-espanola","17":"product_tag-moda-etica-lanzarote","18":"product_tag-moda-slow-fashion-espana","19":"product_tag-prenda-etica","20":"product_tag-prenda-exclusiva","21":"product_tag-prenda-sostenible","22":"product_tag-prenda-unica","23":"product_tag-prendas-exclusivas-y-personalizadas","24":"product_tag-prendas-limitadas","25":"product_tag-productos-artesanales-hechos-a-mano","26":"product_tag-productos-lavables-y-reutilizables","27":"product_tag-ropa-artesanal","28":"product_tag-ropa-ecologica-y-artesanal","29":"product_tag-ropa-hecha-a-mano-en-canarias","30":"product_tag-ropa-mujer-espanola","31":"product_tag-tienda-de-ropa-artesanal","32":"product_tag-top-algodon","33":"product_tag-top-aresanal","34":"product_tag-top-de-diseno","35":"product_tag-top-tirantes","36":"product_tag-top-unico","37":"pa_talla-xs","38":"pa_talla-s","39":"pa_talla-l","40":"pa_talla-m","41":"desktop-align-left","42":"tablet-align-left","43":"mobile-align-left","45":"first","46":"instock","47":"shipping-taxable","48":"purchasable","49":"product-type-variable"},"_links":{"self":[{"href":"https:\/\/migongo.net\/en\/wp-json\/wp\/v2\/product\/5486","targetHints":{"allow":["GET"]}}],"collection":[{"href":"https:\/\/migongo.net\/en\/wp-json\/wp\/v2\/product"}],"about":[{"href":"https:\/\/migongo.net\/en\/wp-json\/wp\/v2\/types\/product"}],"replies":[{"embeddable":true,"href":"https:\/\/migongo.net\/en\/wp-json\/wp\/v2\/comments?post=5486"}],"version-history":[{"count":1,"href":"https:\/\/migongo.net\/en\/wp-json\/wp\/v2\/product\/5486\/revisions"}],"predecessor-version":[{"id":5493,"href":"https:\/\/migongo.net\/en\/wp-json\/wp\/v2\/product\/5486\/revisions\/5493"}],"wp:featuredmedia":[{"embeddable":true,"href":"https:\/\/migongo.net\/en\/wp-json\/wp\/v2\/media\/5228"}],"wp:attachment":[{"href":"https:\/\/migongo.net\/en\/wp-json\/wp\/v2\/media?parent=5486"}],"wp:term":[{"taxonomy":"product_brand","embeddable":true,"href":"https:\/\/migongo.net\/en\/wp-json\/wp\/v2\/product_brand?post=5486"},{"taxonomy":"product_cat","embeddable":true,"href":"https:\/\/migongo.net\/en\/wp-json\/wp\/v2\/product_cat?post=5486"},{"taxonomy":"product_tag","embeddable":true,"href":"https:\/\/migongo.net\/en\/wp-json\/wp\/v2\/product_tag?post=5486"}],"curies":[{"name":"wp","href":"https:\/\/api.w.org\/{rel}","templated":true}]}}