{"id":5473,"date":"2025-05-13T10:47:11","date_gmt":"2025-05-13T09:47:11","guid":{"rendered":"https:\/\/migongo.net\/?post_type=product&#038;p=5473"},"modified":"2025-10-09T21:17:02","modified_gmt":"2025-10-09T20:17:02","slug":"kimono-negro","status":"publish","type":"product","link":"https:\/\/migongo.net\/en\/product\/kimono-negro\/","title":{"rendered":"Kimono negro"},"content":{"rendered":"<p>Kimono negro, en tejido 100% de algod\u00f3n el\u00e1stico con estampado geom\u00e9trico. Transparente. Con tira decorativa \u00e9tnica en crudo y negro.<\/p>\n<p>Talla\u00a0 \u00daNICA, adaptable de la talla XS a la talla XL. Ancho 67cm. Largo 113cm<\/p>","protected":false},"excerpt":{"rendered":"<p>Kimono negro, en tejido 100% de algod\u00f3n el\u00e1stico con estampado geom\u00e9trico. Transparente. Con tira decorativa \u00e9tnica en crudo y negro. Talla\u00a0 \u00daNICA, adaptable de la talla XS a la talla XL. Ancho 67cm. Largo 113cm<\/p>","protected":false},"featured_media":5468,"comment_status":"open","ping_status":"closed","template":"","meta":{"site-sidebar-layout":"default","site-content-layout":"","ast-site-content-layout":"default","site-content-style":"default","site-sidebar-style":"default","ast-global-header-display":"","ast-banner-title-visibility":"","ast-main-header-display":"","ast-hfb-above-header-display":"","ast-hfb-below-header-display":"","ast-hfb-mobile-header-display":"","site-post-title":"","ast-breadcrumbs-content":"","ast-featured-img":"","footer-sml-layout":"","theme-transparent-header-meta":"default","adv-header-id-meta":"","stick-header-meta":"","header-above-stick-meta":"","header-main-stick-meta":"","header-below-stick-meta":"","astra-migrate-meta-layouts":"set","ast-page-background-enabled":"default","ast-page-background-meta":{"desktop":{"background-color":"","background-image":"","background-repeat":"repeat","background-position":"center center","background-size":"auto","background-attachment":"scroll","background-type":"","background-media":"","overlay-type":"","overlay-color":"","overlay-opacity":"","overlay-gradient":""},"tablet":{"background-color":"","background-image":"","background-repeat":"repeat","background-position":"center center","background-size":"auto","background-attachment":"scroll","background-type":"","background-media":"","overlay-type":"","overlay-color":"","overlay-opacity":"","overlay-gradient":""},"mobile":{"background-color":"","background-image":"","background-repeat":"repeat","background-position":"center center","background-size":"auto","background-attachment":"scroll","background-type":"","background-media":"","overlay-type":"","overlay-color":"","overlay-opacity":"","overlay-gradient":""}},"ast-content-background-meta":{"desktop":{"background-color":"var(--ast-global-color-5)","background-image":"","background-repeat":"repeat","background-position":"center center","background-size":"auto","background-attachment":"scroll","background-type":"","background-media":"","overlay-type":"","overlay-color":"","overlay-opacity":"","overlay-gradient":""},"tablet":{"background-color":"var(--ast-global-color-5)","background-image":"","background-repeat":"repeat","background-position":"center center","background-size":"auto","background-attachment":"scroll","background-type":"","background-media":"","overlay-type":"","overlay-color":"","overlay-opacity":"","overlay-gradient":""},"mobile":{"background-color":"var(--ast-global-color-5)","background-image":"","background-repeat":"repeat","background-position":"center center","background-size":"auto","background-attachment":"scroll","background-type":"","background-media":"","overlay-type":"","overlay-color":"","overlay-opacity":"","overlay-gradient":""}}},"product_brand":[],"product_cat":[49,165],"product_tag":[94,97,92,219,220,222,218,221,89,87,84,109,104,105,103,96,85,95,100,83,88,86,90,91],"class_list":{"0":"post-5473","1":"product","2":"type-product","3":"status-publish","4":"has-post-thumbnail","6":"product_cat-mujer","7":"product_cat-primavera-verano-2025","8":"product_tag-accesorios-de-moda-sostenible","9":"product_tag-algodon-y-viscosa","10":"product_tag-comprar-ropa-sostenible-online","11":"product_tag-kimono-artesanal","12":"product_tag-kimono-de-diseno","13":"product_tag-kimono-etnico","14":"product_tag-kimono-negro","15":"product_tag-kimono-unico","16":"product_tag-marca-de-ropa-espanola","17":"product_tag-moda-etica-lanzarote","18":"product_tag-moda-slow-fashion-espana","19":"product_tag-prenda-etica","20":"product_tag-prenda-exclusiva","21":"product_tag-prenda-sostenible","22":"product_tag-prenda-unica","23":"product_tag-prendas-exclusivas-y-personalizadas","24":"product_tag-prendas-limitadas","25":"product_tag-productos-artesanales-hechos-a-mano","26":"product_tag-productos-lavables-y-reutilizables","27":"product_tag-ropa-artesanal","28":"product_tag-ropa-ecologica-y-artesanal","29":"product_tag-ropa-hecha-a-mano-en-canarias","30":"product_tag-ropa-mujer-espanola","31":"product_tag-tienda-de-ropa-artesanal","32":"pa_talla-xs","33":"pa_talla-s","34":"pa_talla-l","35":"pa_talla-m","36":"pa_talla-xl","37":"desktop-align-left","38":"tablet-align-left","39":"mobile-align-left","41":"first","42":"outofstock","43":"shipping-taxable","44":"purchasable","45":"product-type-simple"},"_links":{"self":[{"href":"https:\/\/migongo.net\/en\/wp-json\/wp\/v2\/product\/5473","targetHints":{"allow":["GET"]}}],"collection":[{"href":"https:\/\/migongo.net\/en\/wp-json\/wp\/v2\/product"}],"about":[{"href":"https:\/\/migongo.net\/en\/wp-json\/wp\/v2\/types\/product"}],"replies":[{"embeddable":true,"href":"https:\/\/migongo.net\/en\/wp-json\/wp\/v2\/comments?post=5473"}],"version-history":[{"count":2,"href":"https:\/\/migongo.net\/en\/wp-json\/wp\/v2\/product\/5473\/revisions"}],"predecessor-version":[{"id":5483,"href":"https:\/\/migongo.net\/en\/wp-json\/wp\/v2\/product\/5473\/revisions\/5483"}],"wp:featuredmedia":[{"embeddable":true,"href":"https:\/\/migongo.net\/en\/wp-json\/wp\/v2\/media\/5468"}],"wp:attachment":[{"href":"https:\/\/migongo.net\/en\/wp-json\/wp\/v2\/media?parent=5473"}],"wp:term":[{"taxonomy":"product_brand","embeddable":true,"href":"https:\/\/migongo.net\/en\/wp-json\/wp\/v2\/product_brand?post=5473"},{"taxonomy":"product_cat","embeddable":true,"href":"https:\/\/migongo.net\/en\/wp-json\/wp\/v2\/product_cat?post=5473"},{"taxonomy":"product_tag","embeddable":true,"href":"https:\/\/migongo.net\/en\/wp-json\/wp\/v2\/product_tag?post=5473"}],"curies":[{"name":"wp","href":"https:\/\/api.w.org\/{rel}","templated":true}]}}