{"id":5222,"date":"2025-04-30T17:43:54","date_gmt":"2025-04-30T16:43:54","guid":{"rendered":"https:\/\/migongo.net\/?post_type=product&#038;p=5222"},"modified":"2025-06-13T12:17:58","modified_gmt":"2025-06-13T11:17:58","slug":"short-gris-algodon","status":"publish","type":"product","link":"https:\/\/migongo.net\/en\/product\/short-gris-algodon\/","title":{"rendered":"Short gris algod\u00f3n"},"content":{"rendered":"<p>Short gris, en tejido 100% de algod\u00f3n el\u00e1stico, con decoraci\u00f3n bajo de ondulina azul.<\/p>\n<p>Talla\u00a0 XS, S, M, L y XL<\/p>","protected":false},"excerpt":{"rendered":"<p>Short gris, en tejido 100% de algod\u00f3n el\u00e1stico, con decoraci\u00f3n bajo de ondulina azul. Talla\u00a0 XS, S, M, L y XL<\/p>","protected":false},"featured_media":5229,"comment_status":"open","ping_status":"closed","template":"","meta":{"site-sidebar-layout":"default","site-content-layout":"","ast-site-content-layout":"default","site-content-style":"default","site-sidebar-style":"default","ast-global-header-display":"","ast-banner-title-visibility":"","ast-main-header-display":"","ast-hfb-above-header-display":"","ast-hfb-below-header-display":"","ast-hfb-mobile-header-display":"","site-post-title":"","ast-breadcrumbs-content":"","ast-featured-img":"","footer-sml-layout":"","theme-transparent-header-meta":"default","adv-header-id-meta":"","stick-header-meta":"","header-above-stick-meta":"","header-main-stick-meta":"","header-below-stick-meta":"","astra-migrate-meta-layouts":"set","ast-page-background-enabled":"default","ast-page-background-meta":{"desktop":{"background-color":"","background-image":"","background-repeat":"repeat","background-position":"center center","background-size":"auto","background-attachment":"scroll","background-type":"","background-media":"","overlay-type":"","overlay-color":"","overlay-opacity":"","overlay-gradient":""},"tablet":{"background-color":"","background-image":"","background-repeat":"repeat","background-position":"center center","background-size":"auto","background-attachment":"scroll","background-type":"","background-media":"","overlay-type":"","overlay-color":"","overlay-opacity":"","overlay-gradient":""},"mobile":{"background-color":"","background-image":"","background-repeat":"repeat","background-position":"center center","background-size":"auto","background-attachment":"scroll","background-type":"","background-media":"","overlay-type":"","overlay-color":"","overlay-opacity":"","overlay-gradient":""}},"ast-content-background-meta":{"desktop":{"background-color":"var(--ast-global-color-5)","background-image":"","background-repeat":"repeat","background-position":"center center","background-size":"auto","background-attachment":"scroll","background-type":"","background-media":"","overlay-type":"","overlay-color":"","overlay-opacity":"","overlay-gradient":""},"tablet":{"background-color":"var(--ast-global-color-5)","background-image":"","background-repeat":"repeat","background-position":"center center","background-size":"auto","background-attachment":"scroll","background-type":"","background-media":"","overlay-type":"","overlay-color":"","overlay-opacity":"","overlay-gradient":""},"mobile":{"background-color":"var(--ast-global-color-5)","background-image":"","background-repeat":"repeat","background-position":"center center","background-size":"auto","background-attachment":"scroll","background-type":"","background-media":"","overlay-type":"","overlay-color":"","overlay-opacity":"","overlay-gradient":""}}},"product_brand":[],"product_cat":[49,165],"product_tag":[94,97,92,89,87,84,109,104,105,103,96,85,95,100,83,88,86,90,174,130,129,131,128,91],"class_list":{"0":"post-5222","1":"product","2":"type-product","3":"status-publish","4":"has-post-thumbnail","6":"product_cat-mujer","7":"product_cat-primavera-verano-2025","8":"product_tag-accesorios-de-moda-sostenible","9":"product_tag-algodon-y-viscosa","10":"product_tag-comprar-ropa-sostenible-online","11":"product_tag-marca-de-ropa-espanola","12":"product_tag-moda-etica-lanzarote","13":"product_tag-moda-slow-fashion-espana","14":"product_tag-prenda-etica","15":"product_tag-prenda-exclusiva","16":"product_tag-prenda-sostenible","17":"product_tag-prenda-unica","18":"product_tag-prendas-exclusivas-y-personalizadas","19":"product_tag-prendas-limitadas","20":"product_tag-productos-artesanales-hechos-a-mano","21":"product_tag-productos-lavables-y-reutilizables","22":"product_tag-ropa-artesanal","23":"product_tag-ropa-ecologica-y-artesanal","24":"product_tag-ropa-hecha-a-mano-en-canarias","25":"product_tag-ropa-mujer-espanola","26":"product_tag-short-algodon","27":"product_tag-short-artesanal","28":"product_tag-short-casual","29":"product_tag-short-de-diseno","30":"product_tag-short-unico","31":"product_tag-tienda-de-ropa-artesanal","32":"pa_talla-xs","33":"pa_talla-s","34":"pa_talla-l","35":"pa_talla-m","36":"desktop-align-left","37":"tablet-align-left","38":"mobile-align-left","40":"first","41":"instock","42":"shipping-taxable","43":"purchasable","44":"product-type-variable"},"_links":{"self":[{"href":"https:\/\/migongo.net\/en\/wp-json\/wp\/v2\/product\/5222","targetHints":{"allow":["GET"]}}],"collection":[{"href":"https:\/\/migongo.net\/en\/wp-json\/wp\/v2\/product"}],"about":[{"href":"https:\/\/migongo.net\/en\/wp-json\/wp\/v2\/types\/product"}],"replies":[{"embeddable":true,"href":"https:\/\/migongo.net\/en\/wp-json\/wp\/v2\/comments?post=5222"}],"version-history":[{"count":1,"href":"https:\/\/migongo.net\/en\/wp-json\/wp\/v2\/product\/5222\/revisions"}],"predecessor-version":[{"id":5230,"href":"https:\/\/migongo.net\/en\/wp-json\/wp\/v2\/product\/5222\/revisions\/5230"}],"wp:featuredmedia":[{"embeddable":true,"href":"https:\/\/migongo.net\/en\/wp-json\/wp\/v2\/media\/5229"}],"wp:attachment":[{"href":"https:\/\/migongo.net\/en\/wp-json\/wp\/v2\/media?parent=5222"}],"wp:term":[{"taxonomy":"product_brand","embeddable":true,"href":"https:\/\/migongo.net\/en\/wp-json\/wp\/v2\/product_brand?post=5222"},{"taxonomy":"product_cat","embeddable":true,"href":"https:\/\/migongo.net\/en\/wp-json\/wp\/v2\/product_cat?post=5222"},{"taxonomy":"product_tag","embeddable":true,"href":"https:\/\/migongo.net\/en\/wp-json\/wp\/v2\/product_tag?post=5222"}],"curies":[{"name":"wp","href":"https:\/\/api.w.org\/{rel}","templated":true}]}}