{"id":4992,"date":"2024-12-24T15:46:49","date_gmt":"2024-12-24T14:46:49","guid":{"rendered":"https:\/\/migongo.net\/?post_type=product&#038;p=4992"},"modified":"2025-10-09T21:35:14","modified_gmt":"2025-10-09T20:35:14","slug":"falda-reversible-maquillaje-volcanico","status":"publish","type":"product","link":"https:\/\/migongo.net\/en\/product\/falda-reversible-maquillaje-volcanico\/","title":{"rendered":"FALDA REVERSIBLE Maquillaje Volc\u00e1nico"},"content":{"rendered":"<p>Falda reversible encombinaci\u00f3n de tejidos de lana y viscosa, en rosa y gris pardo con tiras cosidas de tejido el\u00e1stico de poli\u00e9ster estampado. Se puede llevar del lado rosa o del lado gris, atada con tira en la cintura.<\/p>\n<p>Talla \u00danica. Adaptable de S a XL con botones en la cintura. S\u00f3lo existe una unidad.<\/p>\n<p>Creada especialmente para la Colecci\u00f3n Maquillaje Volc\u00e1nico, para Lanzarote Fashion Weekend 2024.<\/p>","protected":false},"excerpt":{"rendered":"<p>Falda reversible encombinaci\u00f3n de tejidos de lana y viscosa, en rosa y gris pardo con tiras cosidas de tejido el\u00e1stico de poli\u00e9ster estampado. Se puede llevar del lado rosa o del lado gris, atada con tira en la cintura. Talla \u00danica. Adaptable de S a XL con botones en la cintura. S\u00f3lo existe una unidad. [&hellip;]<\/p>","protected":false},"featured_media":4994,"comment_status":"open","ping_status":"closed","template":"","meta":{"site-sidebar-layout":"default","site-content-layout":"","ast-site-content-layout":"default","site-content-style":"default","site-sidebar-style":"default","ast-global-header-display":"","ast-banner-title-visibility":"","ast-main-header-display":"","ast-hfb-above-header-display":"","ast-hfb-below-header-display":"","ast-hfb-mobile-header-display":"","site-post-title":"","ast-breadcrumbs-content":"","ast-featured-img":"","footer-sml-layout":"","theme-transparent-header-meta":"default","adv-header-id-meta":"","stick-header-meta":"","header-above-stick-meta":"","header-main-stick-meta":"","header-below-stick-meta":"","astra-migrate-meta-layouts":"set","ast-page-background-enabled":"default","ast-page-background-meta":{"desktop":{"background-color":"","background-image":"","background-repeat":"repeat","background-position":"center center","background-size":"auto","background-attachment":"scroll","background-type":"","background-media":"","overlay-type":"","overlay-color":"","overlay-opacity":"","overlay-gradient":""},"tablet":{"background-color":"","background-image":"","background-repeat":"repeat","background-position":"center center","background-size":"auto","background-attachment":"scroll","background-type":"","background-media":"","overlay-type":"","overlay-color":"","overlay-opacity":"","overlay-gradient":""},"mobile":{"background-color":"","background-image":"","background-repeat":"repeat","background-position":"center center","background-size":"auto","background-attachment":"scroll","background-type":"","background-media":"","overlay-type":"","overlay-color":"","overlay-opacity":"","overlay-gradient":""}},"ast-content-background-meta":{"desktop":{"background-color":"var(--ast-global-color-5)","background-image":"","background-repeat":"repeat","background-position":"center center","background-size":"auto","background-attachment":"scroll","background-type":"","background-media":"","overlay-type":"","overlay-color":"","overlay-opacity":"","overlay-gradient":""},"tablet":{"background-color":"var(--ast-global-color-5)","background-image":"","background-repeat":"repeat","background-position":"center center","background-size":"auto","background-attachment":"scroll","background-type":"","background-media":"","overlay-type":"","overlay-color":"","overlay-opacity":"","overlay-gradient":""},"mobile":{"background-color":"var(--ast-global-color-5)","background-image":"","background-repeat":"repeat","background-position":"center center","background-size":"auto","background-attachment":"scroll","background-type":"","background-media":"","overlay-type":"","overlay-color":"","overlay-opacity":"","overlay-gradient":""}}},"product_brand":[],"product_cat":[76,49],"product_tag":[94,97,92,99,80,89,93,87,84,96,85,95,98,83,88,86,90,91],"class_list":{"0":"post-4992","1":"product","2":"type-product","3":"status-publish","4":"has-post-thumbnail","6":"product_cat-maquillaje-volcanico","7":"product_cat-mujer","8":"product_tag-accesorios-de-moda-sostenible","9":"product_tag-algodon-y-viscosa","10":"product_tag-comprar-ropa-sostenible-online","11":"product_tag-falda-reversible","12":"product_tag-falda-verano","13":"product_tag-marca-de-ropa-espanola","14":"product_tag-moda-ecologica-para-el-hogar","15":"product_tag-moda-etica-lanzarote","16":"product_tag-moda-slow-fashion-espana","17":"product_tag-prendas-exclusivas-y-personalizadas","18":"product_tag-prendas-limitadas","19":"product_tag-productos-artesanales-hechos-a-mano","20":"product_tag-productos-responsables-con-impacto-cero-en-el-medio-ambiente","21":"product_tag-ropa-artesanal","22":"product_tag-ropa-ecologica-y-artesanal","23":"product_tag-ropa-hecha-a-mano-en-canarias","24":"product_tag-ropa-mujer-espanola","25":"product_tag-tienda-de-ropa-artesanal","26":"desktop-align-left","27":"tablet-align-left","28":"mobile-align-left","30":"first","31":"outofstock","32":"taxable","33":"shipping-taxable","34":"purchasable","35":"product-type-simple"},"_links":{"self":[{"href":"https:\/\/migongo.net\/en\/wp-json\/wp\/v2\/product\/4992","targetHints":{"allow":["GET"]}}],"collection":[{"href":"https:\/\/migongo.net\/en\/wp-json\/wp\/v2\/product"}],"about":[{"href":"https:\/\/migongo.net\/en\/wp-json\/wp\/v2\/types\/product"}],"replies":[{"embeddable":true,"href":"https:\/\/migongo.net\/en\/wp-json\/wp\/v2\/comments?post=4992"}],"version-history":[{"count":2,"href":"https:\/\/migongo.net\/en\/wp-json\/wp\/v2\/product\/4992\/revisions"}],"predecessor-version":[{"id":4996,"href":"https:\/\/migongo.net\/en\/wp-json\/wp\/v2\/product\/4992\/revisions\/4996"}],"wp:featuredmedia":[{"embeddable":true,"href":"https:\/\/migongo.net\/en\/wp-json\/wp\/v2\/media\/4994"}],"wp:attachment":[{"href":"https:\/\/migongo.net\/en\/wp-json\/wp\/v2\/media?parent=4992"}],"wp:term":[{"taxonomy":"product_brand","embeddable":true,"href":"https:\/\/migongo.net\/en\/wp-json\/wp\/v2\/product_brand?post=4992"},{"taxonomy":"product_cat","embeddable":true,"href":"https:\/\/migongo.net\/en\/wp-json\/wp\/v2\/product_cat?post=4992"},{"taxonomy":"product_tag","embeddable":true,"href":"https:\/\/migongo.net\/en\/wp-json\/wp\/v2\/product_tag?post=4992"}],"curies":[{"name":"wp","href":"https:\/\/api.w.org\/{rel}","templated":true}]}}