{"id":4985,"date":"2024-12-24T15:29:54","date_gmt":"2024-12-24T14:29:54","guid":{"rendered":"https:\/\/migongo.net\/?post_type=product&#038;p=4985"},"modified":"2025-05-05T13:42:49","modified_gmt":"2025-05-05T12:42:49","slug":"chaleco-pardo-maquillaje-volcanico","status":"publish","type":"product","link":"https:\/\/migongo.net\/en\/product\/chaleco-pardo-maquillaje-volcanico\/","title":{"rendered":"CHALECO PARDO Maquillaje Volc\u00e1nico"},"content":{"rendered":"<p>Chaleco con tejido de lana y viscosa gris pardo. Se puede llevar atado con cintur\u00f3n con la tela fruncida o bien cruzada delante.<\/p>\n<p>Talla \u00danica. S\u00f3lo existe una unidad.<\/p>\n<p>Creado especialmente para la Colecci\u00f3n Maquillaje Volc\u00e1nico, para Lanzarote Fashion Weekend 2024.<\/p>","protected":false},"excerpt":{"rendered":"<p>Chaleco con tejido de lana y viscosa gris pardo. Se puede llevar atado con cintur\u00f3n con la tela fruncida o bien cruzada delante. Talla \u00danica. S\u00f3lo existe una unidad. Creado especialmente para la Colecci\u00f3n Maquillaje Volc\u00e1nico, para Lanzarote Fashion Weekend 2024.<\/p>","protected":false},"featured_media":4986,"comment_status":"open","ping_status":"closed","template":"","meta":{"site-sidebar-layout":"default","site-content-layout":"","ast-site-content-layout":"default","site-content-style":"default","site-sidebar-style":"default","ast-global-header-display":"","ast-banner-title-visibility":"","ast-main-header-display":"","ast-hfb-above-header-display":"","ast-hfb-below-header-display":"","ast-hfb-mobile-header-display":"","site-post-title":"","ast-breadcrumbs-content":"","ast-featured-img":"","footer-sml-layout":"","theme-transparent-header-meta":"default","adv-header-id-meta":"","stick-header-meta":"","header-above-stick-meta":"","header-main-stick-meta":"","header-below-stick-meta":"","astra-migrate-meta-layouts":"set","ast-page-background-enabled":"default","ast-page-background-meta":{"desktop":{"background-color":"","background-image":"","background-repeat":"repeat","background-position":"center center","background-size":"auto","background-attachment":"scroll","background-type":"","background-media":"","overlay-type":"","overlay-color":"","overlay-opacity":"","overlay-gradient":""},"tablet":{"background-color":"","background-image":"","background-repeat":"repeat","background-position":"center center","background-size":"auto","background-attachment":"scroll","background-type":"","background-media":"","overlay-type":"","overlay-color":"","overlay-opacity":"","overlay-gradient":""},"mobile":{"background-color":"","background-image":"","background-repeat":"repeat","background-position":"center center","background-size":"auto","background-attachment":"scroll","background-type":"","background-media":"","overlay-type":"","overlay-color":"","overlay-opacity":"","overlay-gradient":""}},"ast-content-background-meta":{"desktop":{"background-color":"var(--ast-global-color-5)","background-image":"","background-repeat":"repeat","background-position":"center center","background-size":"auto","background-attachment":"scroll","background-type":"","background-media":"","overlay-type":"","overlay-color":"","overlay-opacity":"","overlay-gradient":""},"tablet":{"background-color":"var(--ast-global-color-5)","background-image":"","background-repeat":"repeat","background-position":"center center","background-size":"auto","background-attachment":"scroll","background-type":"","background-media":"","overlay-type":"","overlay-color":"","overlay-opacity":"","overlay-gradient":""},"mobile":{"background-color":"var(--ast-global-color-5)","background-image":"","background-repeat":"repeat","background-position":"center center","background-size":"auto","background-attachment":"scroll","background-type":"","background-media":"","overlay-type":"","overlay-color":"","overlay-opacity":"","overlay-gradient":""}}},"product_brand":[],"product_cat":[76,49],"product_tag":[94,97,106,107,92,89,93,87,84,104,105,103,96,85,95,100,98,83,88,86,90,91],"class_list":{"0":"post-4985","1":"product","2":"type-product","3":"status-publish","4":"has-post-thumbnail","6":"product_cat-maquillaje-volcanico","7":"product_cat-mujer","8":"product_tag-accesorios-de-moda-sostenible","9":"product_tag-algodon-y-viscosa","10":"product_tag-chaleco","11":"product_tag-chaleco-artesanal","12":"product_tag-comprar-ropa-sostenible-online","13":"product_tag-marca-de-ropa-espanola","14":"product_tag-moda-ecologica-para-el-hogar","15":"product_tag-moda-etica-lanzarote","16":"product_tag-moda-slow-fashion-espana","17":"product_tag-prenda-exclusiva","18":"product_tag-prenda-sostenible","19":"product_tag-prenda-unica","20":"product_tag-prendas-exclusivas-y-personalizadas","21":"product_tag-prendas-limitadas","22":"product_tag-productos-artesanales-hechos-a-mano","23":"product_tag-productos-lavables-y-reutilizables","24":"product_tag-productos-responsables-con-impacto-cero-en-el-medio-ambiente","25":"product_tag-ropa-artesanal","26":"product_tag-ropa-ecologica-y-artesanal","27":"product_tag-ropa-hecha-a-mano-en-canarias","28":"product_tag-ropa-mujer-espanola","29":"product_tag-tienda-de-ropa-artesanal","30":"desktop-align-left","31":"tablet-align-left","32":"mobile-align-left","34":"first","35":"instock","36":"taxable","37":"shipping-taxable","38":"purchasable","39":"product-type-simple"},"_links":{"self":[{"href":"https:\/\/migongo.net\/en\/wp-json\/wp\/v2\/product\/4985","targetHints":{"allow":["GET"]}}],"collection":[{"href":"https:\/\/migongo.net\/en\/wp-json\/wp\/v2\/product"}],"about":[{"href":"https:\/\/migongo.net\/en\/wp-json\/wp\/v2\/types\/product"}],"replies":[{"embeddable":true,"href":"https:\/\/migongo.net\/en\/wp-json\/wp\/v2\/comments?post=4985"}],"version-history":[{"count":1,"href":"https:\/\/migongo.net\/en\/wp-json\/wp\/v2\/product\/4985\/revisions"}],"predecessor-version":[{"id":4988,"href":"https:\/\/migongo.net\/en\/wp-json\/wp\/v2\/product\/4985\/revisions\/4988"}],"wp:featuredmedia":[{"embeddable":true,"href":"https:\/\/migongo.net\/en\/wp-json\/wp\/v2\/media\/4986"}],"wp:attachment":[{"href":"https:\/\/migongo.net\/en\/wp-json\/wp\/v2\/media?parent=4985"}],"wp:term":[{"taxonomy":"product_brand","embeddable":true,"href":"https:\/\/migongo.net\/en\/wp-json\/wp\/v2\/product_brand?post=4985"},{"taxonomy":"product_cat","embeddable":true,"href":"https:\/\/migongo.net\/en\/wp-json\/wp\/v2\/product_cat?post=4985"},{"taxonomy":"product_tag","embeddable":true,"href":"https:\/\/migongo.net\/en\/wp-json\/wp\/v2\/product_tag?post=4985"}],"curies":[{"name":"wp","href":"https:\/\/api.w.org\/{rel}","templated":true}]}}