{"id":4965,"date":"2024-12-23T16:52:42","date_gmt":"2024-12-23T15:52:42","guid":{"rendered":"https:\/\/migongo.net\/?post_type=product&#038;p=4965"},"modified":"2025-06-23T16:06:57","modified_gmt":"2025-06-23T15:06:57","slug":"top-fajin-maquillaje-volcanico-copy","status":"publish","type":"product","link":"https:\/\/migongo.net\/en\/product\/top-fajin-maquillaje-volcanico-copy\/","title":{"rendered":"TOP FAJ\u00cdN Maquillaje Volc\u00e1nico"},"content":{"rendered":"<p>Top con tirante ancho, en tejido el\u00e1stico de poli\u00e9ster estampado con faj\u00edn en tejido 100% algod\u00f3n en color maquillaje.<\/p>\n<p>Talla S\/M. S\u00f3lo existe una unidad.<\/p>\n<p>Creado especialmente para la Colecci\u00f3n Maquillaje Volc\u00e1nico, para Lanzarote Fashion Weekend 2024.<\/p>","protected":false},"excerpt":{"rendered":"<p>Top con tirante ancho, en tejido el\u00e1stico de poli\u00e9ster estampado con faj\u00edn en tejido 100% algod\u00f3n en color maquillaje. Talla S\/M. S\u00f3lo existe una unidad. Creado especialmente para la Colecci\u00f3n Maquillaje Volc\u00e1nico, para Lanzarote Fashion Weekend 2024.<\/p>","protected":false},"featured_media":4962,"comment_status":"open","ping_status":"closed","template":"","meta":{"site-sidebar-layout":"default","site-content-layout":"","ast-site-content-layout":"default","site-content-style":"default","site-sidebar-style":"default","ast-global-header-display":"","ast-banner-title-visibility":"","ast-main-header-display":"","ast-hfb-above-header-display":"","ast-hfb-below-header-display":"","ast-hfb-mobile-header-display":"","site-post-title":"","ast-breadcrumbs-content":"","ast-featured-img":"","footer-sml-layout":"","theme-transparent-header-meta":"default","adv-header-id-meta":"","stick-header-meta":"","header-above-stick-meta":"","header-main-stick-meta":"","header-below-stick-meta":"","astra-migrate-meta-layouts":"set","ast-page-background-enabled":"default","ast-page-background-meta":{"desktop":{"background-color":"","background-image":"","background-repeat":"repeat","background-position":"center center","background-size":"auto","background-attachment":"scroll","background-type":"","background-media":"","overlay-type":"","overlay-color":"","overlay-opacity":"","overlay-gradient":""},"tablet":{"background-color":"","background-image":"","background-repeat":"repeat","background-position":"center center","background-size":"auto","background-attachment":"scroll","background-type":"","background-media":"","overlay-type":"","overlay-color":"","overlay-opacity":"","overlay-gradient":""},"mobile":{"background-color":"","background-image":"","background-repeat":"repeat","background-position":"center center","background-size":"auto","background-attachment":"scroll","background-type":"","background-media":"","overlay-type":"","overlay-color":"","overlay-opacity":"","overlay-gradient":""}},"ast-content-background-meta":{"desktop":{"background-color":"var(--ast-global-color-5)","background-image":"","background-repeat":"repeat","background-position":"center center","background-size":"auto","background-attachment":"scroll","background-type":"","background-media":"","overlay-type":"","overlay-color":"","overlay-opacity":"","overlay-gradient":""},"tablet":{"background-color":"var(--ast-global-color-5)","background-image":"","background-repeat":"repeat","background-position":"center center","background-size":"auto","background-attachment":"scroll","background-type":"","background-media":"","overlay-type":"","overlay-color":"","overlay-opacity":"","overlay-gradient":""},"mobile":{"background-color":"var(--ast-global-color-5)","background-image":"","background-repeat":"repeat","background-position":"center center","background-size":"auto","background-attachment":"scroll","background-type":"","background-media":"","overlay-type":"","overlay-color":"","overlay-opacity":"","overlay-gradient":""}}},"product_brand":[],"product_cat":[76,49],"product_tag":[94,97,114,115,113,92,89,93,87,84,109,104,105,103,96,85,95,100,98,83,108,88,86,90,91,111,116],"class_list":{"0":"post-4965","1":"product","2":"type-product","3":"status-publish","4":"has-post-thumbnail","6":"product_cat-maquillaje-volcanico","7":"product_cat-mujer","8":"product_tag-accesorios-de-moda-sostenible","9":"product_tag-algodon-y-viscosa","10":"product_tag-camiseta-artesanal","11":"product_tag-camiseta-etica","12":"product_tag-camiseta-unica","13":"product_tag-comprar-ropa-sostenible-online","14":"product_tag-marca-de-ropa-espanola","15":"product_tag-moda-ecologica-para-el-hogar","16":"product_tag-moda-etica-lanzarote","17":"product_tag-moda-slow-fashion-espana","18":"product_tag-prenda-etica","19":"product_tag-prenda-exclusiva","20":"product_tag-prenda-sostenible","21":"product_tag-prenda-unica","22":"product_tag-prendas-exclusivas-y-personalizadas","23":"product_tag-prendas-limitadas","24":"product_tag-productos-artesanales-hechos-a-mano","25":"product_tag-productos-lavables-y-reutilizables","26":"product_tag-productos-responsables-con-impacto-cero-en-el-medio-ambiente","27":"product_tag-ropa-artesanal","28":"product_tag-ropa-de-lino","29":"product_tag-ropa-ecologica-y-artesanal","30":"product_tag-ropa-hecha-a-mano-en-canarias","31":"product_tag-ropa-mujer-espanola","32":"product_tag-tienda-de-ropa-artesanal","33":"product_tag-top-artesanal","34":"product_tag-top-de-diseno","35":"desktop-align-left","36":"tablet-align-left","37":"mobile-align-left","39":"first","40":"outofstock","41":"taxable","42":"shipping-taxable","43":"purchasable","44":"product-type-simple"},"_links":{"self":[{"href":"https:\/\/migongo.net\/en\/wp-json\/wp\/v2\/product\/4965","targetHints":{"allow":["GET"]}}],"collection":[{"href":"https:\/\/migongo.net\/en\/wp-json\/wp\/v2\/product"}],"about":[{"href":"https:\/\/migongo.net\/en\/wp-json\/wp\/v2\/types\/product"}],"replies":[{"embeddable":true,"href":"https:\/\/migongo.net\/en\/wp-json\/wp\/v2\/comments?post=4965"}],"version-history":[{"count":3,"href":"https:\/\/migongo.net\/en\/wp-json\/wp\/v2\/product\/4965\/revisions"}],"predecessor-version":[{"id":5025,"href":"https:\/\/migongo.net\/en\/wp-json\/wp\/v2\/product\/4965\/revisions\/5025"}],"wp:featuredmedia":[{"embeddable":true,"href":"https:\/\/migongo.net\/en\/wp-json\/wp\/v2\/media\/4962"}],"wp:attachment":[{"href":"https:\/\/migongo.net\/en\/wp-json\/wp\/v2\/media?parent=4965"}],"wp:term":[{"taxonomy":"product_brand","embeddable":true,"href":"https:\/\/migongo.net\/en\/wp-json\/wp\/v2\/product_brand?post=4965"},{"taxonomy":"product_cat","embeddable":true,"href":"https:\/\/migongo.net\/en\/wp-json\/wp\/v2\/product_cat?post=4965"},{"taxonomy":"product_tag","embeddable":true,"href":"https:\/\/migongo.net\/en\/wp-json\/wp\/v2\/product_tag?post=4965"}],"curies":[{"name":"wp","href":"https:\/\/api.w.org\/{rel}","templated":true}]}}