{"id":4952,"date":"2024-12-23T16:37:18","date_gmt":"2024-12-23T15:37:18","guid":{"rendered":"https:\/\/migongo.net\/?post_type=product&#038;p=4952"},"modified":"2025-04-29T19:34:17","modified_gmt":"2025-04-29T18:34:17","slug":"mini-vestico-maquillaje-volcanico","status":"publish","type":"product","link":"https:\/\/migongo.net\/en\/product\/mini-vestico-maquillaje-volcanico\/","title":{"rendered":"MINI VESTICO Maquillaje Volc\u00e1nico"},"content":{"rendered":"<p>Mini vestido en tejido el\u00e1stico de poli\u00e9ster, con cuello barca y manga corta hasta el codo.<\/p>\n<p>Tallas: S\/M M\/L L\/XL<\/p>\n<p>Creados especialmente para la Colecci\u00f3n Maquillaje Volc\u00e1nico, para Lanzarote Fashion Weekend 2024.<\/p>","protected":false},"excerpt":{"rendered":"<p>Mini vestido en tejido el\u00e1stico de poli\u00e9ster, con cuello barca y manga corta hasta el codo. Tallas: S\/M M\/L L\/XL Creados especialmente para la Colecci\u00f3n Maquillaje Volc\u00e1nico, para Lanzarote Fashion Weekend 2024.<\/p>","protected":false},"featured_media":4953,"comment_status":"open","ping_status":"closed","template":"","meta":{"site-sidebar-layout":"default","site-content-layout":"","ast-site-content-layout":"default","site-content-style":"default","site-sidebar-style":"default","ast-global-header-display":"","ast-banner-title-visibility":"","ast-main-header-display":"","ast-hfb-above-header-display":"","ast-hfb-below-header-display":"","ast-hfb-mobile-header-display":"","site-post-title":"","ast-breadcrumbs-content":"","ast-featured-img":"","footer-sml-layout":"","theme-transparent-header-meta":"default","adv-header-id-meta":"","stick-header-meta":"","header-above-stick-meta":"","header-main-stick-meta":"","header-below-stick-meta":"","astra-migrate-meta-layouts":"set","ast-page-background-enabled":"default","ast-page-background-meta":{"desktop":{"background-color":"","background-image":"","background-repeat":"repeat","background-position":"center center","background-size":"auto","background-attachment":"scroll","background-type":"","background-media":"","overlay-type":"","overlay-color":"","overlay-opacity":"","overlay-gradient":""},"tablet":{"background-color":"","background-image":"","background-repeat":"repeat","background-position":"center center","background-size":"auto","background-attachment":"scroll","background-type":"","background-media":"","overlay-type":"","overlay-color":"","overlay-opacity":"","overlay-gradient":""},"mobile":{"background-color":"","background-image":"","background-repeat":"repeat","background-position":"center center","background-size":"auto","background-attachment":"scroll","background-type":"","background-media":"","overlay-type":"","overlay-color":"","overlay-opacity":"","overlay-gradient":""}},"ast-content-background-meta":{"desktop":{"background-color":"var(--ast-global-color-5)","background-image":"","background-repeat":"repeat","background-position":"center center","background-size":"auto","background-attachment":"scroll","background-type":"","background-media":"","overlay-type":"","overlay-color":"","overlay-opacity":"","overlay-gradient":""},"tablet":{"background-color":"var(--ast-global-color-5)","background-image":"","background-repeat":"repeat","background-position":"center center","background-size":"auto","background-attachment":"scroll","background-type":"","background-media":"","overlay-type":"","overlay-color":"","overlay-opacity":"","overlay-gradient":""},"mobile":{"background-color":"var(--ast-global-color-5)","background-image":"","background-repeat":"repeat","background-position":"center center","background-size":"auto","background-attachment":"scroll","background-type":"","background-media":"","overlay-type":"","overlay-color":"","overlay-opacity":"","overlay-gradient":""}}},"product_brand":[],"product_cat":[76,72,49],"product_tag":[94,97,92,89,120,93,87,84,109,104,105,103,96,85,95,100,98,83,108,88,86,90,91,121,119,118,117],"class_list":{"0":"post-4952","1":"product","2":"type-product","3":"status-publish","4":"has-post-thumbnail","6":"product_cat-maquillaje-volcanico","7":"product_cat-monograficos","8":"product_cat-mujer","9":"product_tag-accesorios-de-moda-sostenible","10":"product_tag-algodon-y-viscosa","11":"product_tag-comprar-ropa-sostenible-online","12":"product_tag-marca-de-ropa-espanola","13":"product_tag-minivestido","14":"product_tag-moda-ecologica-para-el-hogar","15":"product_tag-moda-etica-lanzarote","16":"product_tag-moda-slow-fashion-espana","17":"product_tag-prenda-etica","18":"product_tag-prenda-exclusiva","19":"product_tag-prenda-sostenible","20":"product_tag-prenda-unica","21":"product_tag-prendas-exclusivas-y-personalizadas","22":"product_tag-prendas-limitadas","23":"product_tag-productos-artesanales-hechos-a-mano","24":"product_tag-productos-lavables-y-reutilizables","25":"product_tag-productos-responsables-con-impacto-cero-en-el-medio-ambiente","26":"product_tag-ropa-artesanal","27":"product_tag-ropa-de-lino","28":"product_tag-ropa-ecologica-y-artesanal","29":"product_tag-ropa-hecha-a-mano-en-canarias","30":"product_tag-ropa-mujer-espanola","31":"product_tag-tienda-de-ropa-artesanal","32":"product_tag-vestido-corto","33":"product_tag-vestido-de-diseno","34":"product_tag-vestido-unico","35":"product_tag-vestido-verano","36":"pa_talla-s","37":"pa_talla-l","38":"pa_talla-m","39":"desktop-align-left","40":"tablet-align-left","41":"mobile-align-left","43":"first","44":"instock","45":"shipping-taxable","46":"purchasable","47":"product-type-variable"},"_links":{"self":[{"href":"https:\/\/migongo.net\/en\/wp-json\/wp\/v2\/product\/4952","targetHints":{"allow":["GET"]}}],"collection":[{"href":"https:\/\/migongo.net\/en\/wp-json\/wp\/v2\/product"}],"about":[{"href":"https:\/\/migongo.net\/en\/wp-json\/wp\/v2\/types\/product"}],"replies":[{"embeddable":true,"href":"https:\/\/migongo.net\/en\/wp-json\/wp\/v2\/comments?post=4952"}],"version-history":[{"count":2,"href":"https:\/\/migongo.net\/en\/wp-json\/wp\/v2\/product\/4952\/revisions"}],"predecessor-version":[{"id":4955,"href":"https:\/\/migongo.net\/en\/wp-json\/wp\/v2\/product\/4952\/revisions\/4955"}],"wp:featuredmedia":[{"embeddable":true,"href":"https:\/\/migongo.net\/en\/wp-json\/wp\/v2\/media\/4953"}],"wp:attachment":[{"href":"https:\/\/migongo.net\/en\/wp-json\/wp\/v2\/media?parent=4952"}],"wp:term":[{"taxonomy":"product_brand","embeddable":true,"href":"https:\/\/migongo.net\/en\/wp-json\/wp\/v2\/product_brand?post=4952"},{"taxonomy":"product_cat","embeddable":true,"href":"https:\/\/migongo.net\/en\/wp-json\/wp\/v2\/product_cat?post=4952"},{"taxonomy":"product_tag","embeddable":true,"href":"https:\/\/migongo.net\/en\/wp-json\/wp\/v2\/product_tag?post=4952"}],"curies":[{"name":"wp","href":"https:\/\/api.w.org\/{rel}","templated":true}]}}