{"id":4950,"date":"2024-12-23T16:33:07","date_gmt":"2024-12-23T15:33:07","guid":{"rendered":"https:\/\/migongo.net\/?post_type=product&#038;p=4950"},"modified":"2025-05-09T10:38:33","modified_gmt":"2025-05-09T09:38:33","slug":"chaleco-rosa-maquillaje-volcanico-2","status":"publish","type":"product","link":"https:\/\/migongo.net\/en\/product\/chaleco-rosa-maquillaje-volcanico-2\/","title":{"rendered":"CHALECO ROSA Maquillaje Volc\u00e1nico"},"content":{"rendered":"<p>Chaleco con tejido de lana y viscosa rosa. Se puede llevar atado con cintur\u00f3n con la tela fruncida o bien cruzada delante.<\/p>\n<p>Talla \u00danica. S\u00f3lo existe una unidad.<\/p>\n<p>Creado especialmente para la Colecci\u00f3n Maquillaje Volc\u00e1nico, para Lanzarote Fashion Weekend 2024.<\/p>\n<p>Posible de hacerlo por encargo en otros colores.<\/p>","protected":false},"excerpt":{"rendered":"<p>Chaleco con tejido de lana y viscosa rosa. Se puede llevar atado con cintur\u00f3n con la tela fruncida o bien cruzada delante. Talla \u00danica. S\u00f3lo existe una unidad. Creado especialmente para la Colecci\u00f3n Maquillaje Volc\u00e1nico, para Lanzarote Fashion Weekend 2024. Posible de hacerlo por encargo en otros colores.<\/p>","protected":false},"featured_media":4944,"comment_status":"open","ping_status":"closed","template":"","meta":{"site-sidebar-layout":"default","site-content-layout":"","ast-site-content-layout":"default","site-content-style":"default","site-sidebar-style":"default","ast-global-header-display":"","ast-banner-title-visibility":"","ast-main-header-display":"","ast-hfb-above-header-display":"","ast-hfb-below-header-display":"","ast-hfb-mobile-header-display":"","site-post-title":"","ast-breadcrumbs-content":"","ast-featured-img":"","footer-sml-layout":"","theme-transparent-header-meta":"default","adv-header-id-meta":"","stick-header-meta":"","header-above-stick-meta":"","header-main-stick-meta":"","header-below-stick-meta":"","astra-migrate-meta-layouts":"set","ast-page-background-enabled":"default","ast-page-background-meta":{"desktop":{"background-color":"","background-image":"","background-repeat":"repeat","background-position":"center center","background-size":"auto","background-attachment":"scroll","background-type":"","background-media":"","overlay-type":"","overlay-color":"","overlay-opacity":"","overlay-gradient":""},"tablet":{"background-color":"","background-image":"","background-repeat":"repeat","background-position":"center center","background-size":"auto","background-attachment":"scroll","background-type":"","background-media":"","overlay-type":"","overlay-color":"","overlay-opacity":"","overlay-gradient":""},"mobile":{"background-color":"","background-image":"","background-repeat":"repeat","background-position":"center center","background-size":"auto","background-attachment":"scroll","background-type":"","background-media":"","overlay-type":"","overlay-color":"","overlay-opacity":"","overlay-gradient":""}},"ast-content-background-meta":{"desktop":{"background-color":"var(--ast-global-color-5)","background-image":"","background-repeat":"repeat","background-position":"center center","background-size":"auto","background-attachment":"scroll","background-type":"","background-media":"","overlay-type":"","overlay-color":"","overlay-opacity":"","overlay-gradient":""},"tablet":{"background-color":"var(--ast-global-color-5)","background-image":"","background-repeat":"repeat","background-position":"center center","background-size":"auto","background-attachment":"scroll","background-type":"","background-media":"","overlay-type":"","overlay-color":"","overlay-opacity":"","overlay-gradient":""},"mobile":{"background-color":"var(--ast-global-color-5)","background-image":"","background-repeat":"repeat","background-position":"center center","background-size":"auto","background-attachment":"scroll","background-type":"","background-media":"","overlay-type":"","overlay-color":"","overlay-opacity":"","overlay-gradient":""}}},"product_brand":[],"product_cat":[76,49],"product_tag":[94,97,107,123,124,122,92,89,93,87,84,109,104,105,103,96,85,95,100,98,83,108,88,86,90,91],"class_list":{"0":"post-4950","1":"product","2":"type-product","3":"status-publish","4":"has-post-thumbnail","6":"product_cat-maquillaje-volcanico","7":"product_cat-mujer","8":"product_tag-accesorios-de-moda-sostenible","9":"product_tag-algodon-y-viscosa","10":"product_tag-chaleco-artesanal","11":"product_tag-chaleco-de-diseno","12":"product_tag-chaleco-exclusivo","13":"product_tag-chaleco-unico","14":"product_tag-comprar-ropa-sostenible-online","15":"product_tag-marca-de-ropa-espanola","16":"product_tag-moda-ecologica-para-el-hogar","17":"product_tag-moda-etica-lanzarote","18":"product_tag-moda-slow-fashion-espana","19":"product_tag-prenda-etica","20":"product_tag-prenda-exclusiva","21":"product_tag-prenda-sostenible","22":"product_tag-prenda-unica","23":"product_tag-prendas-exclusivas-y-personalizadas","24":"product_tag-prendas-limitadas","25":"product_tag-productos-artesanales-hechos-a-mano","26":"product_tag-productos-lavables-y-reutilizables","27":"product_tag-productos-responsables-con-impacto-cero-en-el-medio-ambiente","28":"product_tag-ropa-artesanal","29":"product_tag-ropa-de-lino","30":"product_tag-ropa-ecologica-y-artesanal","31":"product_tag-ropa-hecha-a-mano-en-canarias","32":"product_tag-ropa-mujer-espanola","33":"product_tag-tienda-de-ropa-artesanal","34":"desktop-align-left","35":"tablet-align-left","36":"mobile-align-left","38":"first","39":"outofstock","40":"taxable","41":"shipping-taxable","42":"purchasable","43":"product-type-simple"},"_links":{"self":[{"href":"https:\/\/migongo.net\/en\/wp-json\/wp\/v2\/product\/4950","targetHints":{"allow":["GET"]}}],"collection":[{"href":"https:\/\/migongo.net\/en\/wp-json\/wp\/v2\/product"}],"about":[{"href":"https:\/\/migongo.net\/en\/wp-json\/wp\/v2\/types\/product"}],"replies":[{"embeddable":true,"href":"https:\/\/migongo.net\/en\/wp-json\/wp\/v2\/comments?post=4950"}],"version-history":[{"count":3,"href":"https:\/\/migongo.net\/en\/wp-json\/wp\/v2\/product\/4950\/revisions"}],"predecessor-version":[{"id":5368,"href":"https:\/\/migongo.net\/en\/wp-json\/wp\/v2\/product\/4950\/revisions\/5368"}],"wp:featuredmedia":[{"embeddable":true,"href":"https:\/\/migongo.net\/en\/wp-json\/wp\/v2\/media\/4944"}],"wp:attachment":[{"href":"https:\/\/migongo.net\/en\/wp-json\/wp\/v2\/media?parent=4950"}],"wp:term":[{"taxonomy":"product_brand","embeddable":true,"href":"https:\/\/migongo.net\/en\/wp-json\/wp\/v2\/product_brand?post=4950"},{"taxonomy":"product_cat","embeddable":true,"href":"https:\/\/migongo.net\/en\/wp-json\/wp\/v2\/product_cat?post=4950"},{"taxonomy":"product_tag","embeddable":true,"href":"https:\/\/migongo.net\/en\/wp-json\/wp\/v2\/product_tag?post=4950"}],"curies":[{"name":"wp","href":"https:\/\/api.w.org\/{rel}","templated":true}]}}