{"id":4937,"date":"2024-12-23T16:18:54","date_gmt":"2024-12-23T15:18:54","guid":{"rendered":"https:\/\/migongo.net\/?post_type=product&#038;p=4937"},"modified":"2025-10-09T21:34:39","modified_gmt":"2025-10-09T20:34:39","slug":"short-leggings-maquillaje-volcanico","status":"publish","type":"product","link":"https:\/\/migongo.net\/en\/product\/short-leggings-maquillaje-volcanico\/","title":{"rendered":"SHORT LEGGINGS Maquillaje Volc\u00e1nico"},"content":{"rendered":"<p>Leggings en tejido el\u00e1stico de poli\u00e9ster, cintura alta y acabado flecos en los bajos.<\/p>\n<p>Talla S\/M. S\u00f3lo existe una unidad.<\/p>\n<p>Creados especialmente para la Colecci\u00f3n Maquillaje Volc\u00e1nico, para Lanzarote Fashion Weekend 2024.<\/p>","protected":false},"excerpt":{"rendered":"<p>Leggings en tejido el\u00e1stico de poli\u00e9ster, cintura alta y acabado flecos en los bajos. Talla S\/M. S\u00f3lo existe una unidad. Creados especialmente para la Colecci\u00f3n Maquillaje Volc\u00e1nico, para Lanzarote Fashion Weekend 2024.<\/p>","protected":false},"featured_media":4942,"comment_status":"open","ping_status":"closed","template":"","meta":{"site-sidebar-layout":"default","site-content-layout":"","ast-site-content-layout":"default","site-content-style":"default","site-sidebar-style":"default","ast-global-header-display":"","ast-banner-title-visibility":"","ast-main-header-display":"","ast-hfb-above-header-display":"","ast-hfb-below-header-display":"","ast-hfb-mobile-header-display":"","site-post-title":"","ast-breadcrumbs-content":"","ast-featured-img":"","footer-sml-layout":"","theme-transparent-header-meta":"default","adv-header-id-meta":"","stick-header-meta":"","header-above-stick-meta":"","header-main-stick-meta":"","header-below-stick-meta":"","astra-migrate-meta-layouts":"set","ast-page-background-enabled":"default","ast-page-background-meta":{"desktop":{"background-color":"","background-image":"","background-repeat":"repeat","background-position":"center center","background-size":"auto","background-attachment":"scroll","background-type":"","background-media":"","overlay-type":"","overlay-color":"","overlay-opacity":"","overlay-gradient":""},"tablet":{"background-color":"","background-image":"","background-repeat":"repeat","background-position":"center center","background-size":"auto","background-attachment":"scroll","background-type":"","background-media":"","overlay-type":"","overlay-color":"","overlay-opacity":"","overlay-gradient":""},"mobile":{"background-color":"","background-image":"","background-repeat":"repeat","background-position":"center center","background-size":"auto","background-attachment":"scroll","background-type":"","background-media":"","overlay-type":"","overlay-color":"","overlay-opacity":"","overlay-gradient":""}},"ast-content-background-meta":{"desktop":{"background-color":"var(--ast-global-color-5)","background-image":"","background-repeat":"repeat","background-position":"center center","background-size":"auto","background-attachment":"scroll","background-type":"","background-media":"","overlay-type":"","overlay-color":"","overlay-opacity":"","overlay-gradient":""},"tablet":{"background-color":"var(--ast-global-color-5)","background-image":"","background-repeat":"repeat","background-position":"center center","background-size":"auto","background-attachment":"scroll","background-type":"","background-media":"","overlay-type":"","overlay-color":"","overlay-opacity":"","overlay-gradient":""},"mobile":{"background-color":"var(--ast-global-color-5)","background-image":"","background-repeat":"repeat","background-position":"center center","background-size":"auto","background-attachment":"scroll","background-type":"","background-media":"","overlay-type":"","overlay-color":"","overlay-opacity":"","overlay-gradient":""}}},"product_brand":[],"product_cat":[76,49],"product_tag":[94,97,92,89,93,87,84,109,104,105,103,96,85,95,100,98,83,108,88,86,90,130,129,131,128,91],"class_list":{"0":"post-4937","1":"product","2":"type-product","3":"status-publish","4":"has-post-thumbnail","6":"product_cat-maquillaje-volcanico","7":"product_cat-mujer","8":"product_tag-accesorios-de-moda-sostenible","9":"product_tag-algodon-y-viscosa","10":"product_tag-comprar-ropa-sostenible-online","11":"product_tag-marca-de-ropa-espanola","12":"product_tag-moda-ecologica-para-el-hogar","13":"product_tag-moda-etica-lanzarote","14":"product_tag-moda-slow-fashion-espana","15":"product_tag-prenda-etica","16":"product_tag-prenda-exclusiva","17":"product_tag-prenda-sostenible","18":"product_tag-prenda-unica","19":"product_tag-prendas-exclusivas-y-personalizadas","20":"product_tag-prendas-limitadas","21":"product_tag-productos-artesanales-hechos-a-mano","22":"product_tag-productos-lavables-y-reutilizables","23":"product_tag-productos-responsables-con-impacto-cero-en-el-medio-ambiente","24":"product_tag-ropa-artesanal","25":"product_tag-ropa-de-lino","26":"product_tag-ropa-ecologica-y-artesanal","27":"product_tag-ropa-hecha-a-mano-en-canarias","28":"product_tag-ropa-mujer-espanola","29":"product_tag-short-artesanal","30":"product_tag-short-casual","31":"product_tag-short-de-diseno","32":"product_tag-short-unico","33":"product_tag-tienda-de-ropa-artesanal","34":"desktop-align-left","35":"tablet-align-left","36":"mobile-align-left","38":"first","39":"outofstock","40":"taxable","41":"shipping-taxable","42":"purchasable","43":"product-type-simple"},"_links":{"self":[{"href":"https:\/\/migongo.net\/en\/wp-json\/wp\/v2\/product\/4937","targetHints":{"allow":["GET"]}}],"collection":[{"href":"https:\/\/migongo.net\/en\/wp-json\/wp\/v2\/product"}],"about":[{"href":"https:\/\/migongo.net\/en\/wp-json\/wp\/v2\/types\/product"}],"replies":[{"embeddable":true,"href":"https:\/\/migongo.net\/en\/wp-json\/wp\/v2\/comments?post=4937"}],"version-history":[{"count":1,"href":"https:\/\/migongo.net\/en\/wp-json\/wp\/v2\/product\/4937\/revisions"}],"predecessor-version":[{"id":4941,"href":"https:\/\/migongo.net\/en\/wp-json\/wp\/v2\/product\/4937\/revisions\/4941"}],"wp:featuredmedia":[{"embeddable":true,"href":"https:\/\/migongo.net\/en\/wp-json\/wp\/v2\/media\/4942"}],"wp:attachment":[{"href":"https:\/\/migongo.net\/en\/wp-json\/wp\/v2\/media?parent=4937"}],"wp:term":[{"taxonomy":"product_brand","embeddable":true,"href":"https:\/\/migongo.net\/en\/wp-json\/wp\/v2\/product_brand?post=4937"},{"taxonomy":"product_cat","embeddable":true,"href":"https:\/\/migongo.net\/en\/wp-json\/wp\/v2\/product_cat?post=4937"},{"taxonomy":"product_tag","embeddable":true,"href":"https:\/\/migongo.net\/en\/wp-json\/wp\/v2\/product_tag?post=4937"}],"curies":[{"name":"wp","href":"https:\/\/api.w.org\/{rel}","templated":true}]}}