{"id":4888,"date":"2024-12-20T15:53:12","date_gmt":"2024-12-20T14:53:12","guid":{"rendered":"https:\/\/migongo.net\/?post_type=product&#038;p=4888"},"modified":"2025-04-16T19:27:37","modified_gmt":"2025-04-16T18:27:37","slug":"curso-monografico","status":"publish","type":"product","link":"https:\/\/migongo.net\/en\/product\/curso-monografico\/","title":{"rendered":"Curso Mensual Monogr\u00e1fico"},"content":{"rendered":"<p>\ud83d\udc4c Estos talleres est\u00e1n dirigidos a todas las personas con ganas de crear. S\u00f3lo es necesario, tener algunas nociones de Costura.<\/p>\n<p>\ud83e\udea2\u00bfQue necesitar\u00e1s, seg\u00fan el curso?<br \/>\n\u2022 Camisetas: aquellas que no uses o creas que les quieres dar tu toque personal.<\/p>\n<p>\u2022 Tejidos: Deber\u00e1s traer un tejido de al menos 1,5 m. Si no cuentas con el tejido, tengo telas disponibles a la venta por un coste adicional de 10\u20ac.<\/p>\n<p>\u2022 Maquina de coser: Trae tu m\u00e1quina y todos los materiales que necesitas para coser: hilos, agujas, botones, tijeras. Si no tienes tu propia m\u00e1quina ni material, te lo alquilo por 5\u20ac.<\/p>\n<p>\ud83d\udc65\ufe0fPlazas disponibles:<br \/>\nCada taller tiene c\u00f3mo m\u00e1ximo 8 plazas disponibles, para que puedas recibir una atenci\u00f3n personalizada.<\/p>\n<p>\ud83d\udcb0 Precio: 35\u20ac. Duraci\u00f3n: 3h<\/p>\n<p>\ud83d\udcc5 El segundo S\u00c1BADO de cada mes de 10h a 13h, en Guatiza<\/p>\n<p>\ud83c\udfe7 Reserva tu plaza:<br \/>\nPuedes reservar tu plaza a trav\u00e9s de efectivo, PayPal, Bizum o transferencia bancaria.<\/p>\n<p>\u2757\ufe0f Pol\u00edtica de cancelaci\u00f3n:<br \/>\nNo ofrecezco reembolsos para los talleres monogr\u00e1ficos. Sin embargo, si te surge un imprevisto, puedes cancelar tu participaci\u00f3n con 48 horas de antelaci\u00f3n y podr\u00e1s reprogramar tu asistencia para otro taller monogr\u00e1fico.<br \/>\nSi no cancelas dentro de las 48 horas previas al taller, no se realizar\u00e1 ning\u00fan reembolso ni podr\u00e1s reprogramar tu plaza.<\/p>\n<p>Gracias por tu comprensi\u00f3n.<\/p>\n<p>\u00bfTienes dudas?<br \/>\nCont\u00e1ctame.<br \/>\nMeri 628 918 968<\/p>","protected":false},"excerpt":{"rendered":"<p>\ud83d\udc4c Estos talleres est\u00e1n dirigidos a todas las personas con ganas de crear. S\u00f3lo es necesario, tener algunas nociones de Costura. \ud83e\udea2\u00bfQue necesitar\u00e1s, seg\u00fan el curso? \u2022 Camisetas: aquellas que no uses o creas que les quieres dar tu toque personal. \u2022 Tejidos: Deber\u00e1s traer un tejido de al menos 1,5 m. Si no cuentas [&hellip;]<\/p>","protected":false},"featured_media":4867,"comment_status":"open","ping_status":"closed","template":"","meta":{"site-sidebar-layout":"default","site-content-layout":"","ast-site-content-layout":"default","site-content-style":"default","site-sidebar-style":"default","ast-global-header-display":"","ast-banner-title-visibility":"","ast-main-header-display":"","ast-hfb-above-header-display":"","ast-hfb-below-header-display":"","ast-hfb-mobile-header-display":"","site-post-title":"","ast-breadcrumbs-content":"","ast-featured-img":"","footer-sml-layout":"","theme-transparent-header-meta":"default","adv-header-id-meta":"","stick-header-meta":"","header-above-stick-meta":"","header-main-stick-meta":"","header-below-stick-meta":"","astra-migrate-meta-layouts":"set","ast-page-background-enabled":"default","ast-page-background-meta":{"desktop":{"background-color":"","background-image":"","background-repeat":"repeat","background-position":"center center","background-size":"auto","background-attachment":"scroll","background-type":"","background-media":"","overlay-type":"","overlay-color":"","overlay-opacity":"","overlay-gradient":""},"tablet":{"background-color":"","background-image":"","background-repeat":"repeat","background-position":"center center","background-size":"auto","background-attachment":"scroll","background-type":"","background-media":"","overlay-type":"","overlay-color":"","overlay-opacity":"","overlay-gradient":""},"mobile":{"background-color":"","background-image":"","background-repeat":"repeat","background-position":"center center","background-size":"auto","background-attachment":"scroll","background-type":"","background-media":"","overlay-type":"","overlay-color":"","overlay-opacity":"","overlay-gradient":""}},"ast-content-background-meta":{"desktop":{"background-color":"var(--ast-global-color-5)","background-image":"","background-repeat":"repeat","background-position":"center center","background-size":"auto","background-attachment":"scroll","background-type":"","background-media":"","overlay-type":"","overlay-color":"","overlay-opacity":"","overlay-gradient":""},"tablet":{"background-color":"var(--ast-global-color-5)","background-image":"","background-repeat":"repeat","background-position":"center center","background-size":"auto","background-attachment":"scroll","background-type":"","background-media":"","overlay-type":"","overlay-color":"","overlay-opacity":"","overlay-gradient":""},"mobile":{"background-color":"var(--ast-global-color-5)","background-image":"","background-repeat":"repeat","background-position":"center center","background-size":"auto","background-attachment":"scroll","background-type":"","background-media":"","overlay-type":"","overlay-color":"","overlay-opacity":"","overlay-gradient":""}}},"product_brand":[],"product_cat":[60,72],"product_tag":[137,142,150,144,151,158,136,148,139,140,157,145,156,147,143,153,154,155,149,138,146,135,141],"class_list":{"0":"post-4888","1":"product","2":"type-product","3":"status-publish","4":"has-post-thumbnail","6":"product_cat-cursos-de-costura-y-patronaje","7":"product_cat-monograficos","8":"product_tag-aprende-a-coser-lanzarote","9":"product_tag-aprende-a-coser-ropa-a-medida","10":"product_tag-aprender-a-hacer-ropa-en-lanzarote","11":"product_tag-clases-de-confeccion-y-diseno-de-moda","12":"product_tag-clases-de-corte-y-confeccion-lanzarote","13":"product_tag-clases-de-patronaje-avanzado-en-lanzarote","14":"product_tag-clases-de-patronaje-canarias","15":"product_tag-clases-de-patronaje-lanzarote","16":"product_tag-curso-de-diseno-de-moda-sostenible","17":"product_tag-cursos-de-costura-y-patronaje-lanzarote","18":"product_tag-cursos-de-patronaje-puntuales-en-lanzarote","19":"product_tag-cursos-monograficos-de-costura-lanzarote","20":"product_tag-cursos-puntuales-de-costura-en-lanzarote","21":"product_tag-cursos-upcycling-lanzarote","22":"product_tag-formacion-en-diseno-artesanal","23":"product_tag-monograficos-de-costura-en-lanzarote","24":"product_tag-monograficos-de-diseno-en-lanzarote","25":"product_tag-monograficos-de-patronaje-en-lanzarote","26":"product_tag-patronaje-a-medida-lanzarote","27":"product_tag-reutilizacion-de-ropa","28":"product_tag-talleres-creativos-en-lanzarote","29":"product_tag-talleres-de-costura-en-lanzarote","30":"product_tag-talleres-de-moda-sostenible","31":"desktop-align-left","32":"tablet-align-left","33":"mobile-align-left","35":"first","36":"instock","37":"virtual","38":"purchasable","39":"product-type-simple"},"_links":{"self":[{"href":"https:\/\/migongo.net\/en\/wp-json\/wp\/v2\/product\/4888","targetHints":{"allow":["GET"]}}],"collection":[{"href":"https:\/\/migongo.net\/en\/wp-json\/wp\/v2\/product"}],"about":[{"href":"https:\/\/migongo.net\/en\/wp-json\/wp\/v2\/types\/product"}],"replies":[{"embeddable":true,"href":"https:\/\/migongo.net\/en\/wp-json\/wp\/v2\/comments?post=4888"}],"version-history":[{"count":7,"href":"https:\/\/migongo.net\/en\/wp-json\/wp\/v2\/product\/4888\/revisions"}],"predecessor-version":[{"id":4895,"href":"https:\/\/migongo.net\/en\/wp-json\/wp\/v2\/product\/4888\/revisions\/4895"}],"wp:featuredmedia":[{"embeddable":true,"href":"https:\/\/migongo.net\/en\/wp-json\/wp\/v2\/media\/4867"}],"wp:attachment":[{"href":"https:\/\/migongo.net\/en\/wp-json\/wp\/v2\/media?parent=4888"}],"wp:term":[{"taxonomy":"product_brand","embeddable":true,"href":"https:\/\/migongo.net\/en\/wp-json\/wp\/v2\/product_brand?post=4888"},{"taxonomy":"product_cat","embeddable":true,"href":"https:\/\/migongo.net\/en\/wp-json\/wp\/v2\/product_cat?post=4888"},{"taxonomy":"product_tag","embeddable":true,"href":"https:\/\/migongo.net\/en\/wp-json\/wp\/v2\/product_tag?post=4888"}],"curies":[{"name":"wp","href":"https:\/\/api.w.org\/{rel}","templated":true}]}}