{"id":4886,"date":"2024-12-20T15:51:59","date_gmt":"2024-12-20T14:51:59","guid":{"rendered":"https:\/\/migongo.net\/?post_type=product&#038;p=4886"},"modified":"2025-04-29T19:34:08","modified_gmt":"2025-04-29T18:34:08","slug":"clases-semanales-de-costura-basica-creativa","status":"publish","type":"product","link":"https:\/\/migongo.net\/en\/product\/clases-semanales-de-costura-basica-creativa\/","title":{"rendered":"Clases semanales de Costura B\u00e1sica Creativa"},"content":{"rendered":"<p>\ud83e\udea1 Cosas pr\u00e1cticas c\u00f3mo: necesers, carteras, fundas, bolsos, mochilas, cortinas, manteles y cortinas, cubre m\u00e1quinas&#8230;<\/p>\n<p>\ud83e\uddf6 Y si tienes nociones de Patronaje, tambi\u00e9n puedo ayudarte a desarrollar patrones para que te hagas las prendas qu<\/p>\n<p>\ud83d\udcb0 \u00a1\u00a1\u00a1 Cuanto m\u00e1s quieras venir en el mes, m\u00e1s econ\u00f3mico te sale !!! (NO es un bono)<br \/>\n&#8211; 4 d\u00edas en el mes, 10h son 75\u20ac<br \/>\n&#8211; 3 d\u00edas en el mes, 7h30 son 65\u20ac<br \/>\n&#8211; 2 dias en el mes, 5h son 48\u20ac<br \/>\n&#8211; 1 d\u00eda en el mes, 2h30 son 25\u20ac<\/p>\n<p>\ud83d\udd0f Es necesario hacer RESERVA previa para poder asistir a las clases ya que las plazas son limitadas. Puedes hacerla a trav\u00e9s de PayPal, Bizum, ingreso o transferencia.\u00a0La m\u00e1quina de coser y el material no est\u00e1 inclu\u00eddo. Si quieres puedo alquilarte una m\u00e1quina por 5\u20ac el d\u00eda.<\/p>\n<p>\ud83d\udcc6 *LUNES de 10h30 a 12h30 en GUATIZA<br \/>\n*LUNES de 17h 19h30 en ARRECIFE<\/p>\n<p>Pol\u00edtica de cancelaci\u00f3n<\/p>\n<p>No ofrezco reembolsos. Sin embargo, si te surge un imprevisto, puedes cancelar tu participaci\u00f3n con 2 horas de antelaci\u00f3n y podr\u00e1s reprogramar puntualmente, tu asistencia para otro horario.<\/p>\n<p>Si no cancelas dentro de las 2 horas previas a la clase, no se realizar\u00e1 ning\u00fan reembolso ni podr\u00e1s reprogramar tu plaza.<\/p>\n<p>**Ten en cuenta que las plazas son limitadas y si no avisas, otras personas pierden la plaza**<\/p>\n<p>Gracias por tu comprensi\u00f3n.<\/p>\n<p>\ud83d\udcf2 Si tienes dudas, cont\u00e1ctame y te lo cuento todo.<br \/>\nMeri 628 918 968<br \/>\n\u2702\ufe0f\ud83e\uddf7\ud83e\uddf5\ud83e\udea1\u2764\ufe0f<\/p>","protected":false},"excerpt":{"rendered":"<p>\ud83e\udea1 Cosas pr\u00e1cticas c\u00f3mo: necesers, carteras, fundas, bolsos, mochilas, cortinas, manteles y cortinas, cubre m\u00e1quinas&#8230; \ud83e\uddf6 Y si tienes nociones de Patronaje, tambi\u00e9n puedo ayudarte a desarrollar patrones para que te hagas las prendas qu \ud83d\udcb0 \u00a1\u00a1\u00a1 Cuanto m\u00e1s quieras venir en el mes, m\u00e1s econ\u00f3mico te sale !!! (NO es un bono) &#8211; 4 [&hellip;]<\/p>","protected":false},"featured_media":4841,"comment_status":"open","ping_status":"closed","template":"","meta":{"site-sidebar-layout":"default","site-content-layout":"","ast-site-content-layout":"default","site-content-style":"default","site-sidebar-style":"default","ast-global-header-display":"","ast-banner-title-visibility":"","ast-main-header-display":"","ast-hfb-above-header-display":"","ast-hfb-below-header-display":"","ast-hfb-mobile-header-display":"","site-post-title":"","ast-breadcrumbs-content":"","ast-featured-img":"","footer-sml-layout":"","theme-transparent-header-meta":"default","adv-header-id-meta":"","stick-header-meta":"","header-above-stick-meta":"","header-main-stick-meta":"","header-below-stick-meta":"","astra-migrate-meta-layouts":"set","ast-page-background-enabled":"default","ast-page-background-meta":{"desktop":{"background-color":"","background-image":"","background-repeat":"repeat","background-position":"center center","background-size":"auto","background-attachment":"scroll","background-type":"","background-media":"","overlay-type":"","overlay-color":"","overlay-opacity":"","overlay-gradient":""},"tablet":{"background-color":"","background-image":"","background-repeat":"repeat","background-position":"center center","background-size":"auto","background-attachment":"scroll","background-type":"","background-media":"","overlay-type":"","overlay-color":"","overlay-opacity":"","overlay-gradient":""},"mobile":{"background-color":"","background-image":"","background-repeat":"repeat","background-position":"center center","background-size":"auto","background-attachment":"scroll","background-type":"","background-media":"","overlay-type":"","overlay-color":"","overlay-opacity":"","overlay-gradient":""}},"ast-content-background-meta":{"desktop":{"background-color":"var(--ast-global-color-5)","background-image":"","background-repeat":"repeat","background-position":"center center","background-size":"auto","background-attachment":"scroll","background-type":"","background-media":"","overlay-type":"","overlay-color":"","overlay-opacity":"","overlay-gradient":""},"tablet":{"background-color":"var(--ast-global-color-5)","background-image":"","background-repeat":"repeat","background-position":"center center","background-size":"auto","background-attachment":"scroll","background-type":"","background-media":"","overlay-type":"","overlay-color":"","overlay-opacity":"","overlay-gradient":""},"mobile":{"background-color":"var(--ast-global-color-5)","background-image":"","background-repeat":"repeat","background-position":"center center","background-size":"auto","background-attachment":"scroll","background-type":"","background-media":"","overlay-type":"","overlay-color":"","overlay-opacity":"","overlay-gradient":""}}},"product_brand":[],"product_cat":[73,60],"product_tag":[137,142,150,144,151,158,136,148,139,140,157,145,156,147,143,153,154,155,149,138,146,135,141],"class_list":{"0":"post-4886","1":"product","2":"type-product","3":"status-publish","4":"has-post-thumbnail","6":"product_cat-curso-de-costura-basica","7":"product_cat-cursos-de-costura-y-patronaje","8":"product_tag-aprende-a-coser-lanzarote","9":"product_tag-aprende-a-coser-ropa-a-medida","10":"product_tag-aprender-a-hacer-ropa-en-lanzarote","11":"product_tag-clases-de-confeccion-y-diseno-de-moda","12":"product_tag-clases-de-corte-y-confeccion-lanzarote","13":"product_tag-clases-de-patronaje-avanzado-en-lanzarote","14":"product_tag-clases-de-patronaje-canarias","15":"product_tag-clases-de-patronaje-lanzarote","16":"product_tag-curso-de-diseno-de-moda-sostenible","17":"product_tag-cursos-de-costura-y-patronaje-lanzarote","18":"product_tag-cursos-de-patronaje-puntuales-en-lanzarote","19":"product_tag-cursos-monograficos-de-costura-lanzarote","20":"product_tag-cursos-puntuales-de-costura-en-lanzarote","21":"product_tag-cursos-upcycling-lanzarote","22":"product_tag-formacion-en-diseno-artesanal","23":"product_tag-monograficos-de-costura-en-lanzarote","24":"product_tag-monograficos-de-diseno-en-lanzarote","25":"product_tag-monograficos-de-patronaje-en-lanzarote","26":"product_tag-patronaje-a-medida-lanzarote","27":"product_tag-reutilizacion-de-ropa","28":"product_tag-talleres-creativos-en-lanzarote","29":"product_tag-talleres-de-costura-en-lanzarote","30":"product_tag-talleres-de-moda-sostenible","31":"desktop-align-left","32":"tablet-align-left","33":"mobile-align-left","35":"first","36":"instock","37":"virtual","38":"purchasable","39":"product-type-simple"},"_links":{"self":[{"href":"https:\/\/migongo.net\/en\/wp-json\/wp\/v2\/product\/4886","targetHints":{"allow":["GET"]}}],"collection":[{"href":"https:\/\/migongo.net\/en\/wp-json\/wp\/v2\/product"}],"about":[{"href":"https:\/\/migongo.net\/en\/wp-json\/wp\/v2\/types\/product"}],"replies":[{"embeddable":true,"href":"https:\/\/migongo.net\/en\/wp-json\/wp\/v2\/comments?post=4886"}],"version-history":[{"count":1,"href":"https:\/\/migongo.net\/en\/wp-json\/wp\/v2\/product\/4886\/revisions"}],"predecessor-version":[{"id":4887,"href":"https:\/\/migongo.net\/en\/wp-json\/wp\/v2\/product\/4886\/revisions\/4887"}],"wp:featuredmedia":[{"embeddable":true,"href":"https:\/\/migongo.net\/en\/wp-json\/wp\/v2\/media\/4841"}],"wp:attachment":[{"href":"https:\/\/migongo.net\/en\/wp-json\/wp\/v2\/media?parent=4886"}],"wp:term":[{"taxonomy":"product_brand","embeddable":true,"href":"https:\/\/migongo.net\/en\/wp-json\/wp\/v2\/product_brand?post=4886"},{"taxonomy":"product_cat","embeddable":true,"href":"https:\/\/migongo.net\/en\/wp-json\/wp\/v2\/product_cat?post=4886"},{"taxonomy":"product_tag","embeddable":true,"href":"https:\/\/migongo.net\/en\/wp-json\/wp\/v2\/product_tag?post=4886"}],"curies":[{"name":"wp","href":"https:\/\/api.w.org\/{rel}","templated":true}]}}