{"id":4619,"date":"2024-02-13T13:18:32","date_gmt":"2024-02-13T12:18:32","guid":{"rendered":"https:\/\/migongo.net\/?post_type=product&#038;p=4619"},"modified":"2025-01-04T15:27:54","modified_gmt":"2025-01-04T15:27:54","slug":"sweatcost","status":"publish","type":"product","link":"https:\/\/migongo.net\/en\/product\/sweatcost\/","title":{"rendered":"SWEATCOST R\u00edos"},"content":{"rendered":"<div data-canvas-width=\"469.4880000000001\">Jersey con combinaciones de colores y tejidos el\u00e1sticos y cuello redondo.<\/div>\n<div data-canvas-width=\"627.1679999999999\">*R\u00edos es la opci\u00f3n de combinaciones de punto 100% algod\u00f3n de colores crudo y maquillaje y tul el\u00e1stico transparente con estampado de rayas.<\/div>\n<div data-canvas-width=\"641.024\">Puedo personalizar tu jersey por encargo, utilizando otras combinaciones de tejidos, colores o tallas.<\/div>","protected":false},"excerpt":{"rendered":"<div data-canvas-width=\"241.90400000000002\">Indicar tejido y color en el campo de texto<\/div>\n<div data-canvas-width=\"641.024\">Puedo personalizar tu jersey por encargo, utilizando otras combinaciones de tejidos, colores o talla<\/div>","protected":false},"featured_media":4434,"comment_status":"open","ping_status":"closed","template":"","meta":{"site-sidebar-layout":"default","site-content-layout":"","ast-site-content-layout":"default","site-content-style":"default","site-sidebar-style":"default","ast-global-header-display":"","ast-banner-title-visibility":"","ast-main-header-display":"","ast-hfb-above-header-display":"","ast-hfb-below-header-display":"","ast-hfb-mobile-header-display":"","site-post-title":"","ast-breadcrumbs-content":"","ast-featured-img":"","footer-sml-layout":"","theme-transparent-header-meta":"default","adv-header-id-meta":"","stick-header-meta":"","header-above-stick-meta":"","header-main-stick-meta":"","header-below-stick-meta":"","astra-migrate-meta-layouts":"set","ast-page-background-enabled":"default","ast-page-background-meta":{"desktop":{"background-color":"","background-image":"","background-repeat":"repeat","background-position":"center center","background-size":"auto","background-attachment":"scroll","background-type":"","background-media":"","overlay-type":"","overlay-color":"","overlay-opacity":"","overlay-gradient":""},"tablet":{"background-color":"","background-image":"","background-repeat":"repeat","background-position":"center center","background-size":"auto","background-attachment":"scroll","background-type":"","background-media":"","overlay-type":"","overlay-color":"","overlay-opacity":"","overlay-gradient":""},"mobile":{"background-color":"","background-image":"","background-repeat":"repeat","background-position":"center center","background-size":"auto","background-attachment":"scroll","background-type":"","background-media":"","overlay-type":"","overlay-color":"","overlay-opacity":"","overlay-gradient":""}},"ast-content-background-meta":{"desktop":{"background-color":"var(--ast-global-color-5)","background-image":"","background-repeat":"repeat","background-position":"center center","background-size":"auto","background-attachment":"scroll","background-type":"","background-media":"","overlay-type":"","overlay-color":"","overlay-opacity":"","overlay-gradient":""},"tablet":{"background-color":"var(--ast-global-color-5)","background-image":"","background-repeat":"repeat","background-position":"center center","background-size":"auto","background-attachment":"scroll","background-type":"","background-media":"","overlay-type":"","overlay-color":"","overlay-opacity":"","overlay-gradient":""},"mobile":{"background-color":"var(--ast-global-color-5)","background-image":"","background-repeat":"repeat","background-position":"center center","background-size":"auto","background-attachment":"scroll","background-type":"","background-media":"","overlay-type":"","overlay-color":"","overlay-opacity":"","overlay-gradient":""}}},"product_brand":[],"product_cat":[49],"product_tag":[],"class_list":{"0":"post-4619","1":"product","2":"type-product","3":"status-publish","4":"has-post-thumbnail","6":"product_cat-mujer","7":"desktop-align-left","8":"tablet-align-left","9":"mobile-align-left","11":"first","12":"instock","13":"shipping-taxable","14":"purchasable","15":"product-type-variable"},"_links":{"self":[{"href":"https:\/\/migongo.net\/en\/wp-json\/wp\/v2\/product\/4619","targetHints":{"allow":["GET"]}}],"collection":[{"href":"https:\/\/migongo.net\/en\/wp-json\/wp\/v2\/product"}],"about":[{"href":"https:\/\/migongo.net\/en\/wp-json\/wp\/v2\/types\/product"}],"replies":[{"embeddable":true,"href":"https:\/\/migongo.net\/en\/wp-json\/wp\/v2\/comments?post=4619"}],"version-history":[{"count":5,"href":"https:\/\/migongo.net\/en\/wp-json\/wp\/v2\/product\/4619\/revisions"}],"predecessor-version":[{"id":5066,"href":"https:\/\/migongo.net\/en\/wp-json\/wp\/v2\/product\/4619\/revisions\/5066"}],"wp:featuredmedia":[{"embeddable":true,"href":"https:\/\/migongo.net\/en\/wp-json\/wp\/v2\/media\/4434"}],"wp:attachment":[{"href":"https:\/\/migongo.net\/en\/wp-json\/wp\/v2\/media?parent=4619"}],"wp:term":[{"taxonomy":"product_brand","embeddable":true,"href":"https:\/\/migongo.net\/en\/wp-json\/wp\/v2\/product_brand?post=4619"},{"taxonomy":"product_cat","embeddable":true,"href":"https:\/\/migongo.net\/en\/wp-json\/wp\/v2\/product_cat?post=4619"},{"taxonomy":"product_tag","embeddable":true,"href":"https:\/\/migongo.net\/en\/wp-json\/wp\/v2\/product_tag?post=4619"}],"curies":[{"name":"wp","href":"https:\/\/api.w.org\/{rel}","templated":true}]}}