{"id":4597,"date":"2024-02-06T16:23:33","date_gmt":"2024-02-06T15:23:33","guid":{"rendered":"https:\/\/migongo.net\/?page_id=4597"},"modified":"2024-02-06T16:23:33","modified_gmt":"2024-02-06T15:23:33","slug":"politica-de-devoluciones","status":"publish","type":"page","link":"https:\/\/migongo.net\/en\/politica-de-devoluciones\/","title":{"rendered":"Returns policy"},"content":{"rendered":"<p><strong>POL\u00cdTICA DE DEVOLUCIONES MIGONGO&nbsp;<\/strong><\/p><p><strong>Direcci\u00f3n y contacto:<\/strong><\/p><p>Meritxell Gonz\u00e1lez G\u00f3mez&nbsp;<\/p><p>53397378A<\/p><p>Calle Tahoyo 10A<\/p><p>35541 M\u00e1guez, Har\u00eda&nbsp;<\/p><p>Lanzarote<\/p><p>migongo@ymail.com<\/p><p>628918968<\/p><p><strong>Periodo de devoluci\u00f3n:<\/strong>&nbsp;Para realizar una devoluci\u00f3n, ser\u00e1 necesario hacerlo en los 10 d\u00edas desde la recepci\u00f3n de la prenda. El importe de devoluci\u00f3n no ser\u00e1 devuelto si hay un mal uso por parte del comprador, c\u00f3mo por ejemplo que se haya pedido una talla inferior y que al probarla, cree deformaciones o roturas, por consecuencia que haga que no pueda ser de nuevo vendida. Para evitarlo aseg\u00farate de elegir la talla correcta mirando toda la descripci\u00f3n de la prenda en la que se indican las medidas.&nbsp;<\/p><p><strong>Proceso de devoluci\u00f3n:<\/strong>&nbsp;Env\u00eda un correo a migongo@ymail.com, con el asunto \u201cDevoluci\u00f3n: N\u00famero del Pedido\u201d, explicando el motivo de la devoluci\u00f3n.<\/p><p>Una vez recibido el correo, se dar\u00e1&nbsp; una respuesta lo antes posible y deber\u00e1s hacer el env\u00edo a la direcci\u00f3n indicada con todos los datos. En todo caso, la prenda deber\u00e1 estar en perfecto estado, para hacer posible la devoluci\u00f3n\/ cambio\/ vale.&nbsp;<\/p><p><strong>Documentos necesarios para una devoluci\u00f3n:<\/strong>&nbsp;Debes adjuntar el justificante de compra y una foto de la prenda que compraste.&nbsp;<\/p><p><strong>Costes de devoluci\u00f3n:&nbsp;\u00da<\/strong>nicamente deber\u00e1s cargar con los costes de env\u00edo que te indique la empresa de transporte&nbsp; que escojas.&nbsp;<\/p><p><strong>Productos sin devoluci\u00f3n:<\/strong>&nbsp;No se permite la devoluci\u00f3n de pedidos personalizados y a medida, realizados por encargo.<\/p><p><strong>Excepcion de devoluci\u00f3n:<\/strong> Migongo, no se hace responsable de los desperfectos, da\u00f1os o perdidas causadas durante el trasporte.<\/p><p>Las prendas compradas en la secci\u00f3n \u201cOutlet\u201d tampoco se hace devoluci\u00f3n.<\/p><p><strong>Medio de devoluci\u00f3n:<\/strong>&nbsp;<\/p><p>*Cambio por un producto del mismo valor.<\/p><p>*Vale con cr\u00e9dito,&nbsp; con el mismo valor, descuento del importe en otra prenda.<\/p><p>*Reembolso&nbsp; del importe de compra sin contar los gastos de env\u00edo de la compra original, ser\u00e1 a trav\u00e9s de transferencia bancar\u00eda.&nbsp;<\/p><p>Cualquiera de los medios ser\u00e1n efectivos una vez se haya recibido de nuevo la prenda.&nbsp;<\/p>","protected":false},"excerpt":{"rendered":"<p>POL\u00cdTICA DE DEVOLUCIONES MIGONGO&nbsp; Direcci\u00f3n y contacto: Meritxell Gonz\u00e1lez G\u00f3mez&nbsp; 53397378A Calle Tahoyo 10A 35541 M\u00e1guez, Har\u00eda&nbsp; Lanzarote migongo@ymail.com 628918968 Periodo de devoluci\u00f3n:&nbsp;Para realizar una devoluci\u00f3n, ser\u00e1 necesario hacerlo en los 10 d\u00edas desde la recepci\u00f3n de la prenda. El importe de devoluci\u00f3n no ser\u00e1 devuelto si hay un mal uso por parte del comprador, [&hellip;]<\/p>","protected":false},"author":1,"featured_media":0,"parent":0,"menu_order":0,"comment_status":"closed","ping_status":"closed","template":"","meta":{"site-sidebar-layout":"default","site-content-layout":"","ast-site-content-layout":"default","site-content-style":"default","site-sidebar-style":"default","ast-global-header-display":"","ast-banner-title-visibility":"","ast-main-header-display":"","ast-hfb-above-header-display":"","ast-hfb-below-header-display":"","ast-hfb-mobile-header-display":"","site-post-title":"","ast-breadcrumbs-content":"","ast-featured-img":"","footer-sml-layout":"","theme-transparent-header-meta":"","adv-header-id-meta":"","stick-header-meta":"","header-above-stick-meta":"","header-main-stick-meta":"","header-below-stick-meta":"","astra-migrate-meta-layouts":"set","ast-page-background-enabled":"default","ast-page-background-meta":{"desktop":{"background-color":"","background-image":"","background-repeat":"repeat","background-position":"center center","background-size":"auto","background-attachment":"scroll","background-type":"","background-media":"","overlay-type":"","overlay-color":"","overlay-opacity":"","overlay-gradient":""},"tablet":{"background-color":"","background-image":"","background-repeat":"repeat","background-position":"center center","background-size":"auto","background-attachment":"scroll","background-type":"","background-media":"","overlay-type":"","overlay-color":"","overlay-opacity":"","overlay-gradient":""},"mobile":{"background-color":"","background-image":"","background-repeat":"repeat","background-position":"center center","background-size":"auto","background-attachment":"scroll","background-type":"","background-media":"","overlay-type":"","overlay-color":"","overlay-opacity":"","overlay-gradient":""}},"ast-content-background-meta":{"desktop":{"background-color":"var(--ast-global-color-5)","background-image":"","background-repeat":"repeat","background-position":"center center","background-size":"auto","background-attachment":"scroll","background-type":"","background-media":"","overlay-type":"","overlay-color":"","overlay-opacity":"","overlay-gradient":""},"tablet":{"background-color":"var(--ast-global-color-5)","background-image":"","background-repeat":"repeat","background-position":"center center","background-size":"auto","background-attachment":"scroll","background-type":"","background-media":"","overlay-type":"","overlay-color":"","overlay-opacity":"","overlay-gradient":""},"mobile":{"background-color":"var(--ast-global-color-5)","background-image":"","background-repeat":"repeat","background-position":"center center","background-size":"auto","background-attachment":"scroll","background-type":"","background-media":"","overlay-type":"","overlay-color":"","overlay-opacity":"","overlay-gradient":""}},"footnotes":""},"class_list":["post-4597","page","type-page","status-publish","hentry"],"_links":{"self":[{"href":"https:\/\/migongo.net\/en\/wp-json\/wp\/v2\/pages\/4597","targetHints":{"allow":["GET"]}}],"collection":[{"href":"https:\/\/migongo.net\/en\/wp-json\/wp\/v2\/pages"}],"about":[{"href":"https:\/\/migongo.net\/en\/wp-json\/wp\/v2\/types\/page"}],"author":[{"embeddable":true,"href":"https:\/\/migongo.net\/en\/wp-json\/wp\/v2\/users\/1"}],"replies":[{"embeddable":true,"href":"https:\/\/migongo.net\/en\/wp-json\/wp\/v2\/comments?post=4597"}],"version-history":[{"count":2,"href":"https:\/\/migongo.net\/en\/wp-json\/wp\/v2\/pages\/4597\/revisions"}],"predecessor-version":[{"id":4599,"href":"https:\/\/migongo.net\/en\/wp-json\/wp\/v2\/pages\/4597\/revisions\/4599"}],"wp:attachment":[{"href":"https:\/\/migongo.net\/en\/wp-json\/wp\/v2\/media?parent=4597"}],"curies":[{"name":"wp","href":"https:\/\/api.w.org\/{rel}","templated":true}]}}