{"id":4507,"date":"2024-01-31T12:41:36","date_gmt":"2024-01-31T11:41:36","guid":{"rendered":"https:\/\/migongo.net\/?page_id=4507"},"modified":"2024-02-13T12:41:33","modified_gmt":"2024-02-13T11:41:33","slug":"politica-de-cookies","status":"publish","type":"page","link":"https:\/\/migongo.net\/en\/politica-de-cookies\/","title":{"rendered":"Cookie policy"},"content":{"rendered":"<p>\uf0b7 Cookies publicitarias: son aquellas que permiten la gesti\u00f3n, de la forma m\u00e1s eficaz posible, de los espacios publicitarios que, en su caso, el editor haya incluido en una p\u00e1gina web,<br>aplicaci\u00f3n o plataforma desde la que presta el servicio solicitado en base a criterios como el<br>contenido editado o la frecuencia en la que se muestran los anuncios.<br>\uf0b7 Cookies de publicidad comportamental: recogen informaci\u00f3n sobre las preferencias y elecciones personales del usuario (retargeting) para permitir la gesti\u00f3n, de la forma m\u00e1s<br>eficaz posible, de los espacios publicitarios que, en su caso, el editor haya incluido en una<br>p\u00e1gina web, aplicaci\u00f3n o plataforma desde la que presta el servicio solicitado.<br>\uf0b7 Cookies sociales: son establecidas por las plataformas de redes sociales en los servicios para permitirle compartir contenido con sus amigos y redes. Las plataformas de medios<br>sociales tienen la capacidad de rastrear su actividad en l\u00ednea fuera de los Servicios. Esto<br>puede afectar al contenido y los mensajes que ve en otros servicios que visita.<br>\uf0b7 Cookies de afiliados: permiten hacer un seguimiento de las visitas procedentes de otras webs, con las que el sitio web establece un contrato de afiliaci\u00f3n (empresas de afiliaci\u00f3n).<br>\uf0b7 Cookies de seguridad: almacenan informaci\u00f3n cifrada para evitar que los datos guardados en ellas sean vulnerables a ataques maliciosos de terceros.<\/p><ol class=\"wp-block-list\"><li>Seg\u00fan su propietario o entidad que las gestiona.<br>\uf0b7 Cookies propias: son aquellas que se env\u00edan al equipo terminal del usuario desde un equipo o dominio gestionado por el propio editor y desde el que se presta el servicio solicitado por<br>el usuario.<br>\uf0b7 Cookies de terceros: son aquellas que se env\u00edan al equipo terminal del usuario desde un equipo o dominio que no es gestionado por el editor, sino por otra entidad que trata los datos<br>obtenidos trav\u00e9s de las cookies.<\/li>\n\n<li>Seg\u00fan el tiempo de actividad o plazo de conservaci\u00f3n.<br>\uf0b7 Cookies de sesi\u00f3n: son un tipo de cookies dise\u00f1adas para recabar y almacenar datos mientras el usuario accede a una p\u00e1gina web.<br>\uf0b7 Cookies persistentes: son un tipo de cookies en el que los datos siguen almacenados en el terminal y pueden ser accedidos y tratados durante un per\u00edodo definido por el responsable de<br>la cookie, y que puede ir de unos minutos a varios a\u00f1os.<\/li>\n\n<li>Tratamiento de datos personales.<br>Responsable de tratamiento: MERITXELL GONZ\u00c1LEZ G\u00d3MEZ<br>Fines de tratamiento: seg\u00fan se especifica en el apartado 4.a de los presentes t\u00e9rminos.<br>Legitimaci\u00f3n del tratamiento: inter\u00e9s leg\u00edtimo, consentimiento informado.<br>Plazos de conservaci\u00f3n: seg\u00fan se especifica en el inventario de cookies utilizadas en este sitio web.<br>Comunicaci\u00f3n de los datos: no se comunicar\u00e1n datos de forma predeterminada, salvo en cookies<br>propiedad de terceros o por previsi\u00f3n legal.<br>Derechos: el interesado puede revocar el consentimiento en cualquier momento, as\u00ed como solicitar<br>acceso, rectificaci\u00f3n, supresi\u00f3n, limitaci\u00f3n, portabilidad u oposici\u00f3n de sus datos.<br>Informaci\u00f3n ampliada de privacidad: En la Pol\u00edtica de Privacidad encontrar\u00e1 informaci\u00f3n m\u00e1s<br>amplia sobre el tratamiento de los datos, sus derechos y c\u00f3mo proceder a su ejercicio.\u200b<\/li>\n\n<li>Inventario de cookies usadas en este sitio web.<br>COOKIES UTILIZADAS EN ESTE SITIO<br>WEB<br>COOKIES CONTROLADAS POR EL EDITOR<br>COOKIES DE TERCEROS<br>Los servicios de terceros son ajenos al control del editor. Los proveedores pueden modificar en todo<br>momento sus condiciones de servicio, finalidad y utilizaci\u00f3n de las cookies, etc.<br>Proveedores externos de este sitio web<\/li>\n\n<li>Panel de configuraci\u00f3n de cookies.<br>Desde este panel podr\u00e1 configurar las cookies que el sitio web puede instalar en su navegador,<br>excepto las cookies t\u00e9cnicas o funcionales que son necesarias para la navegaci\u00f3n y la utilizaci\u00f3n de<br>las diferentes opciones o servicios que se ofrecen.<\/li><\/ol><blockquote class=\"wp-block-quote is-layout-flow wp-block-quote-is-layout-flow\"><blockquote class=\"wp-block-quote is-layout-flow wp-block-quote-is-layout-flow\"><blockquote class=\"wp-block-quote is-layout-flow wp-block-quote-is-layout-flow\"><p>insertar acceso directo panel de control del CMP&lt;&lt;&lt; o describir c\u00f3mo encontrar el acceso<br>directo, por ejemplo, aproximando cursor a la esquina inferior derecha del sitio web.<\/p>\n\n<ol class=\"wp-block-list\"><li>C\u00f3mo gestionar las cookies desde el navegador.<\/li>\n\n<li>Eliminar las cookies del dispositivo.<br>Las cookies que ya est\u00e1n en un dispositivo se pueden eliminar borrando el historial del navegador,<br>con lo que se suprimen las cookies de todos los sitios web visitados. Sin embargo, tambi\u00e9n se puede<br>perder parte de la informaci\u00f3n guardada (por ejemplo, los datos de inicio de sesi\u00f3n o las<br>preferencias de sitio web).<\/li>\n\n<li>Gestionar las cookies espec\u00edficas del sitio.<br>Para tener un control m\u00e1s preciso de las cookies espec\u00edficas de cada sitio, los usuarios pueden<br>ajustar su configuraci\u00f3n de privacidad y cookies en el navegador.<\/li>\n\n<li>Bloquear las cookies.<br>Aunque la mayor\u00eda de los navegadores modernos se pueden configurar para evitar que se instalen<br>cookies en los dispositivos, eso puede obligar al ajuste manual de determinadas preferencias cada<br>vez que se visite un sitio o p\u00e1gina. Adem\u00e1s, algunos servicios y caracter\u00edsticas pueden no funcionar<br>correctamente (por ejemplo, los inicios de sesi\u00f3n con perfil).<\/li><\/ol><\/blockquote><\/blockquote><\/blockquote>","protected":false},"excerpt":{"rendered":"<p>\uf0b7 Cookies publicitarias: son aquellas que permiten la gesti\u00f3n, de la forma m\u00e1s eficaz posible, de los espacios publicitarios que, en su caso, el editor haya incluido en una p\u00e1gina web,aplicaci\u00f3n o plataforma desde la que presta el servicio solicitado en base a criterios como elcontenido editado o la frecuencia en la que se muestran [&hellip;]<\/p>","protected":false},"author":1,"featured_media":0,"parent":0,"menu_order":0,"comment_status":"closed","ping_status":"closed","template":"","meta":{"site-sidebar-layout":"default","site-content-layout":"","ast-site-content-layout":"default","site-content-style":"default","site-sidebar-style":"default","ast-global-header-display":"","ast-banner-title-visibility":"","ast-main-header-display":"","ast-hfb-above-header-display":"","ast-hfb-below-header-display":"","ast-hfb-mobile-header-display":"","site-post-title":"","ast-breadcrumbs-content":"","ast-featured-img":"","footer-sml-layout":"","theme-transparent-header-meta":"","adv-header-id-meta":"","stick-header-meta":"","header-above-stick-meta":"","header-main-stick-meta":"","header-below-stick-meta":"","astra-migrate-meta-layouts":"set","ast-page-background-enabled":"default","ast-page-background-meta":{"desktop":{"background-color":"","background-image":"","background-repeat":"repeat","background-position":"center center","background-size":"auto","background-attachment":"scroll","background-type":"","background-media":"","overlay-type":"","overlay-color":"","overlay-opacity":"","overlay-gradient":""},"tablet":{"background-color":"","background-image":"","background-repeat":"repeat","background-position":"center center","background-size":"auto","background-attachment":"scroll","background-type":"","background-media":"","overlay-type":"","overlay-color":"","overlay-opacity":"","overlay-gradient":""},"mobile":{"background-color":"","background-image":"","background-repeat":"repeat","background-position":"center center","background-size":"auto","background-attachment":"scroll","background-type":"","background-media":"","overlay-type":"","overlay-color":"","overlay-opacity":"","overlay-gradient":""}},"ast-content-background-meta":{"desktop":{"background-color":"var(--ast-global-color-5)","background-image":"","background-repeat":"repeat","background-position":"center center","background-size":"auto","background-attachment":"scroll","background-type":"","background-media":"","overlay-type":"","overlay-color":"","overlay-opacity":"","overlay-gradient":""},"tablet":{"background-color":"var(--ast-global-color-5)","background-image":"","background-repeat":"repeat","background-position":"center center","background-size":"auto","background-attachment":"scroll","background-type":"","background-media":"","overlay-type":"","overlay-color":"","overlay-opacity":"","overlay-gradient":""},"mobile":{"background-color":"var(--ast-global-color-5)","background-image":"","background-repeat":"repeat","background-position":"center center","background-size":"auto","background-attachment":"scroll","background-type":"","background-media":"","overlay-type":"","overlay-color":"","overlay-opacity":"","overlay-gradient":""}},"footnotes":""},"class_list":["post-4507","page","type-page","status-publish","hentry"],"_links":{"self":[{"href":"https:\/\/migongo.net\/en\/wp-json\/wp\/v2\/pages\/4507","targetHints":{"allow":["GET"]}}],"collection":[{"href":"https:\/\/migongo.net\/en\/wp-json\/wp\/v2\/pages"}],"about":[{"href":"https:\/\/migongo.net\/en\/wp-json\/wp\/v2\/types\/page"}],"author":[{"embeddable":true,"href":"https:\/\/migongo.net\/en\/wp-json\/wp\/v2\/users\/1"}],"replies":[{"embeddable":true,"href":"https:\/\/migongo.net\/en\/wp-json\/wp\/v2\/comments?post=4507"}],"version-history":[{"count":5,"href":"https:\/\/migongo.net\/en\/wp-json\/wp\/v2\/pages\/4507\/revisions"}],"predecessor-version":[{"id":4605,"href":"https:\/\/migongo.net\/en\/wp-json\/wp\/v2\/pages\/4507\/revisions\/4605"}],"wp:attachment":[{"href":"https:\/\/migongo.net\/en\/wp-json\/wp\/v2\/media?parent=4507"}],"curies":[{"name":"wp","href":"https:\/\/api.w.org\/{rel}","templated":true}]}}