{"id":3,"date":"2023-12-15T13:50:25","date_gmt":"2023-12-15T12:50:25","guid":{"rendered":"http:\/\/localhost\/web_migongo\/?page_id=3"},"modified":"2024-02-13T12:39:43","modified_gmt":"2024-02-13T11:39:43","slug":"politica-privacidad","status":"publish","type":"page","link":"https:\/\/migongo.net\/en\/politica-privacidad\/","title":{"rendered":"Privacy policy"},"content":{"rendered":"<p>Principios aplicados en el tratamiento de datos<br>En el tratamiento de tus datos personales, el Titular aplicar\u00e1 los siguientes principios que se ajustan a las<br>exigencias del nuevo reglamento europeo de protecci\u00f3n de datos (RGPD):<br>\uf0b7 Principio de licitud, lealtad y transparencia: El Titular siempre requerir\u00e1 el consentimiento para el tratamiento de los datos personales que puede ser para uno o varios fines espec\u00edficos sobre los que<br>el Titular informar\u00e1 al Usuario previamente con absoluta transparencia.<br>\uf0b7 Principio de minimizaci\u00f3n de datos: El Titular solicitar\u00e1 solo los datos estrictamente necesarios para el fin o los fines que los solicita.<br>\uf0b7 Principio de limitaci\u00f3n del plazo de conservaci\u00f3n: El Titular mantendr\u00e1 los datos personales recabados durante el tiempo estrictamente necesario para el fin o los fines del tratamiento. El Titular<br>informar\u00e1 al Usuario del plazo de conservaci\u00f3n correspondiente seg\u00fan la finalidad .<br>En el caso de suscripciones, el Titular revisar\u00e1 peri\u00f3dicamente las listas y eliminar\u00e1 aquellos<br>registros inactivos durante un tiempo considerable.<br>\uf0b7 Principio de integridad y confidencialidad: Los datos personales recabados ser\u00e1n tratados de tal manera que su seguridad, confidencialidad e integridad est\u00e9 garantizada.<br>El Titular toma las precauciones necesarias para evitar el acceso no autorizado o uso indebido de los<br>datos de sus usuarios por parte de terceros.<br>Obtenci\u00f3n de datos personales<br>Para navegar por migongo.net no es necesario que facilites ning\u00fan dato personal.<br>Derechos<br>El Titular te informa que sobre tus datos personales tienes derecho a:<br>\uf0b7 Solicitar el acceso a los datos almacenados.<br>\uf0b7 Solicitar una rectificaci\u00f3n o la cancelaci\u00f3n.<br>\uf0b7 Solicitar la limitaci\u00f3n de su tratamiento.<br>\uf0b7 Oponerte al tratamiento. No puedes ejercitar el derecho a la portabilidad de los datos.<br>El ejercicio de estos derechos es personal y por tanto debe ser ejercido directamente por el interesado,<br>solicit\u00e1ndolo directamente al Titular, lo que significa que cualquier cliente, suscriptor o colaborador que<br>haya facilitado sus datos en alg\u00fan momento, puede dirigirse a Migongo y pedir informaci\u00f3n sobre los<br>datos que tiene almacenados y c\u00f3mo los ha obtenido, solicitar la rectificaci\u00f3n de los mismos, oponerse<br>al tratamiento, limitar su uso o solicitar la cancelaci\u00f3n de esos datos en los ficheros del Titular.<br>Para ejercitar tus derechos de acceso, rectificaci\u00f3n, cancelaci\u00f3n y oposici\u00f3n tienes que enviar un correo<br>electr\u00f3nico a migongo@ymail.com junto con la prueba v\u00e1lida en derecho como una fotocopia del<br>D.N.I. o equivalente.<br>Tienes derecho a la tutela judicial efectiva y a presentar una reclamaci\u00f3n ante la autoridad de control, en<br>este caso, la Agencia Espa\u00f1ola de Protecci\u00f3n de Datos, si consideras que el tratamiento de datos<br>personales que te conciernen infringe el Reglamento.<br>Finalidad del tratamiento de datos personales<br>Cuando te conectas al sitio Web para mandar un correo al Titular, te suscribes a su bolet\u00edn, compras un<br>producto o realizas una contrataci\u00f3n est\u00e1s facilitando informaci\u00f3n de car\u00e1cter personal de la que el<br>responsable es Migongo. Esta informaci\u00f3n puede incluir datos de car\u00e1cter personal como pueden ser tu<br>direcci\u00f3n IP, nombre y apellidos, direcci\u00f3n f\u00edsica, direcci\u00f3n de correo electr\u00f3nico, n\u00famero de tel\u00e9fono, y<br>otra informaci\u00f3n. Al facilitar esta informaci\u00f3n, das tu consentimiento para que tu informaci\u00f3n sea<br>recopilada, utilizada, gestionada y almacenada por \u2014 WORPRESS.COM \u2014<br>Los datos personales y la finalidad del tratamiento por parte del Titular es diferente seg\u00fan el sistema de<br>captura de informaci\u00f3n:<br>\uf0b7 Formularios de contrataci\u00f3n de productos o servicios: El Titular solicita datos personales entre los que pueden estar: nombre y apellidos, documento de identidad (n\u00famero de identificaci\u00f3n fiscal,<br>n\u00famero de identificaci\u00f3n de extranjero, pasaporte o permiso de residencia), direcci\u00f3n de correo<br>electr\u00f3nico, direcci\u00f3n postal, n\u00famero de tel\u00e9fono y datos de pago (m\u00e9todos de pago o datos<br>bancarios) con la finalidad de mantener una relaci\u00f3n comercial con el Usuario, realizar el env\u00edo de \u200b<br>los pedidos, prestar los servicios contratados y para realizar la facturaci\u00f3n y el cobro de los productos<br>o servicios contratados.<br>Existen otras finalidades por las que el Titular trata datos personales:<br>\uf0b7 Para garantizar el cumplimiento de las condiciones recogidas en la ley aplicable. Esto puede incluir el desarrollo de herramientas y algoritmos que ayuden a este sitio Web a garantizar la<br>confidencialidad de los datos personales que recoge.<br>\uf0b7 Para apoyar y mejorar los servicios que ofrece este sitio Web.<br>\uf0b7 Para analizar la navegaci\u00f3n de los usuarios. El Titular recoge otros datos no identificativos que se obtienen mediante el uso de cookies que se descargan en el ordenador del Usuario cuando navega<br>por el sitio Web cuyas caracter\u00edsticas y finalidad est\u00e1n detalladas en la Pol\u00edtica de Cookies .<br>\uf0b7 Para gestionar las redes sociales. Migongo tiene presencia en redes sociales. Si te haces seguidor en las redes sociales del Titular el tratamiento de los datos personales se regir\u00e1 por este apartado, as\u00ed<br>como por aquellas condiciones de uso, pol\u00edticas de privacidad y normativas de acceso que<br>pertenezcan a la red social que proceda en cada caso y que has aceptado previamente.<br>Puedes consultar las pol\u00edticas de privacidad de las principales redes sociales en estos enlaces:<br>\uf0b7 Facebook<br>\uf0b7 Twitter<br>\uf0b7 Linkedin<br>\uf0b7 YouTube<br>\uf0b7 Instagram El Titular tratar\u00e1 tus datos personales con la finalidad de administrar correctamente su presencia en<br>la red social, informarte de sus actividades, productos o servicios, as\u00ed como para cualquier otra<br>finalidad que las normativas de las redes sociales permitan.En ning\u00fan caso el Titular utilizar\u00e1 los<br>perfiles de seguidores en redes sociales para enviar publicidad de manera individual.<br>Seguridad de los datos personales<br>Para proteger tus datos personales, el Titular toma todas las precauciones razonables y sigue las mejores<br>pr\u00e1cticas de la industria para evitar su p\u00e9rdida, mal uso, acceso indebido, divulgaci\u00f3n, alteraci\u00f3n o<br>destrucci\u00f3n de los mismos.<br>El sitio Web est\u00e1 alojado en WORDPRESS.COM. La seguridad de los datos est\u00e1 garantizada, ya que<br>toman todas las medidas de seguridad necesarias para ello. Puedes consultar su pol\u00edtica de privacidad<br>para tener m\u00e1s informaci\u00f3n.<br>Migongo informa al Usuario de que sus datos personales no ser\u00e1n cedidos a terceras organizaciones,<br>con la salvedad de que dicha cesi\u00f3n de datos est\u00e9 amparada en una obligaci\u00f3n legal o cuando la<br>prestaci\u00f3n de un servicio implique la necesidad de una relaci\u00f3n contractual con un encargado de<br>tratamiento. En este \u00faltimo caso, solo se llevar\u00e1 a cabo la cesi\u00f3n de datos al tercero cuando Migongo<br>disponga del consentimiento expreso del Usuario.<br>Sin embargo, en algunos casos se pueden realizar colaboraciones con otros profesionales, en esos casos,<br>se requerir\u00e1 consentimiento al Usuario informando sobre la identidad del colaborador y la finalidad de<br>la colaboraci\u00f3n. Siempre se realizar\u00e1 con los m\u00e1s estrictos est\u00e1ndares de seguridad.<br>Contenido de otros sitios web<br>Las p\u00e1ginas de este sitio Web pueden incluir contenido incrustado (por ejemplo, v\u00eddeos, im\u00e1genes,<br>art\u00edculos, etc.). El contenido incrustado de otras web se comporta exactamente de la misma manera que<br>si hubieras visitado la otra web.<br>Estos sitios Web pueden recopilar datos sobre ti, utilizar cookies, incrustar un c\u00f3digo de seguimiento<br>adicional de terceros, y supervisar tu interacci\u00f3n usando este c\u00f3digo.<\/p>","protected":false},"excerpt":{"rendered":"<p>Principios aplicados en el tratamiento de datosEn el tratamiento de tus datos personales, el Titular aplicar\u00e1 los siguientes principios que se ajustan a lasexigencias del nuevo reglamento europeo de protecci\u00f3n de datos (RGPD):\uf0b7 Principio de licitud, lealtad y transparencia: El Titular siempre requerir\u00e1 el consentimiento para el tratamiento de los datos personales que puede ser [&hellip;]<\/p>","protected":false},"author":1,"featured_media":0,"parent":0,"menu_order":0,"comment_status":"closed","ping_status":"open","template":"","meta":{"site-sidebar-layout":"default","site-content-layout":"","ast-site-content-layout":"default","site-content-style":"default","site-sidebar-style":"default","ast-global-header-display":"","ast-banner-title-visibility":"","ast-main-header-display":"","ast-hfb-above-header-display":"","ast-hfb-below-header-display":"","ast-hfb-mobile-header-display":"","site-post-title":"","ast-breadcrumbs-content":"","ast-featured-img":"","footer-sml-layout":"","theme-transparent-header-meta":"","adv-header-id-meta":"","stick-header-meta":"","header-above-stick-meta":"","header-main-stick-meta":"","header-below-stick-meta":"","astra-migrate-meta-layouts":"set","ast-page-background-enabled":"default","ast-page-background-meta":{"desktop":{"background-color":"","background-image":"","background-repeat":"repeat","background-position":"center center","background-size":"auto","background-attachment":"scroll","background-type":"","background-media":"","overlay-type":"","overlay-color":"","overlay-opacity":"","overlay-gradient":""},"tablet":{"background-color":"","background-image":"","background-repeat":"repeat","background-position":"center center","background-size":"auto","background-attachment":"scroll","background-type":"","background-media":"","overlay-type":"","overlay-color":"","overlay-opacity":"","overlay-gradient":""},"mobile":{"background-color":"","background-image":"","background-repeat":"repeat","background-position":"center center","background-size":"auto","background-attachment":"scroll","background-type":"","background-media":"","overlay-type":"","overlay-color":"","overlay-opacity":"","overlay-gradient":""}},"ast-content-background-meta":{"desktop":{"background-color":"var(--ast-global-color-5)","background-image":"","background-repeat":"repeat","background-position":"center center","background-size":"auto","background-attachment":"scroll","background-type":"","background-media":"","overlay-type":"","overlay-color":"","overlay-opacity":"","overlay-gradient":""},"tablet":{"background-color":"var(--ast-global-color-5)","background-image":"","background-repeat":"repeat","background-position":"center center","background-size":"auto","background-attachment":"scroll","background-type":"","background-media":"","overlay-type":"","overlay-color":"","overlay-opacity":"","overlay-gradient":""},"mobile":{"background-color":"var(--ast-global-color-5)","background-image":"","background-repeat":"repeat","background-position":"center center","background-size":"auto","background-attachment":"scroll","background-type":"","background-media":"","overlay-type":"","overlay-color":"","overlay-opacity":"","overlay-gradient":""}},"footnotes":""},"class_list":["post-3","page","type-page","status-publish","hentry"],"_links":{"self":[{"href":"https:\/\/migongo.net\/en\/wp-json\/wp\/v2\/pages\/3","targetHints":{"allow":["GET"]}}],"collection":[{"href":"https:\/\/migongo.net\/en\/wp-json\/wp\/v2\/pages"}],"about":[{"href":"https:\/\/migongo.net\/en\/wp-json\/wp\/v2\/types\/page"}],"author":[{"embeddable":true,"href":"https:\/\/migongo.net\/en\/wp-json\/wp\/v2\/users\/1"}],"replies":[{"embeddable":true,"href":"https:\/\/migongo.net\/en\/wp-json\/wp\/v2\/comments?post=3"}],"version-history":[{"count":2,"href":"https:\/\/migongo.net\/en\/wp-json\/wp\/v2\/pages\/3\/revisions"}],"predecessor-version":[{"id":4603,"href":"https:\/\/migongo.net\/en\/wp-json\/wp\/v2\/pages\/3\/revisions\/4603"}],"wp:attachment":[{"href":"https:\/\/migongo.net\/en\/wp-json\/wp\/v2\/media?parent=3"}],"curies":[{"name":"wp","href":"https:\/\/api.w.org\/{rel}","templated":true}]}}